{"id":1369,"date":"2022-08-23T16:47:10","date_gmt":"2022-08-23T14:47:10","guid":{"rendered":"https:\/\/centre-movimento.fr\/?page_id=1369"},"modified":"2023-07-25T11:18:14","modified_gmt":"2023-07-25T09:18:14","slug":"cours-pilates-orange-2","status":"publish","type":"page","link":"https:\/\/centre-movimento.fr\/index.php\/cours-pilates-orange-2\/","title":{"rendered":"Livre d&rsquo;or"},"content":{"rendered":"\n<p class=\"has-text-align-center\"><strong>AVIS GOOGLE CENTRE MOVIMENTO :<\/strong><\/p>\n\n\n\n<p><strong>***** Nathalie B.<\/strong><\/p>\n\n\n\n<p>Cours de Pilates vari\u00e9s et tr\u00e8s appr\u00e9ci\u00e9s par un tr\u00e8s grand nombre. Elena est une professionnelle aguerrie qui n&rsquo;h\u00e9site pas donn\u00e9 de son temps pour ses \u00e9l\u00e8ves. Dot\u00e9e d&rsquo;une grande gentillesse et d&rsquo;un sens aigu du travail bien fait, le Pilates fait parti int\u00e9grante de ce que peut repr\u00e9senter Elena Berti. Merci \u00e0 elle pour tout les bienfaits que cette pratique peut apporter surtout quand les cours sont donn\u00e9s dans la bonne humeur.<\/p>\n\n\n\n<p><strong>***** Annie T.<\/strong><\/p>\n\n\n\n<p>Un cours que l&rsquo;on \u00e9vite de manquer tellement on en a besoin et qui allie le bien \u00eatre du corps et de l&rsquo;esprit ! Elena est formidable motivante et professionnelle ! son choix de la musique nous fait \u00e9voluer avec une certaine gr\u00e2ce du moins chacun essaie suivant ses possibilit\u00e9s et sans jugement ! Je fais ce que je peux et j&rsquo;adore ! \ud83c\udf1e Merci Elena \ud83d\ude0d<\/p>\n\n\n\n<p><strong>***** Michelle L.<\/strong><\/p>\n\n\n\n<p>Je pratique le Pil\u00e2tes au Centre Movimento depuis 7 ans. Je ne faisais aucun sport, et aujourd\u2019hui je ne peux plus me passer de cette discipline sportive. Elena Berti, qui anime les cours de Pilates est un professeur \u00e9m\u00e9rite, tr\u00e8s professionnelle, sa fa\u00e7on d\u2019enseigner, ses conseils sur la mani\u00e8re d\u2019accomplir les exercices accompagn\u00e9s des respirations sont clairs. Attentive \u00e0 chacune, elle corrige les mauvaises attitudes avec douceur et fermet\u00e9.<br>Je recommande ce lieu \u00e0 toutes celles et \u00e0 tous ceux qui veulent conserver une forme physique performante, en restant en harmonie avec leur corps.<\/p>\n\n\n\n<p><strong>***** Nadine S.<\/strong><\/p>\n\n\n\n<p>J\u2019ai rencontr\u00e9 Helena avant le Covid \u00e0aux cours de Lagarde Pareol, c\u2019\u00e9tait pas gagn\u00e9 pour moi !<br>Puis pendant le Covid Helena a anim\u00e9 un cours Pilates \u00e0 la maison que j\u2019ai suivi assid\u00fbment via Facebook ! La r\u00e9v\u00e9lation !<br>Puis elle a organis\u00e9 des sorties marche Pilates tr\u00e8s \u00e9prouvantes pour moi mais qui m\u2019ont fait un bien fou !<br>Sa dynamique, son s\u00e9rieux, son \u00e9l\u00e9gance, sa motivation et sa comp\u00e9tence et son humanit\u00e9 m\u2019ont beaucoup appris sur moi-m\u00eame !<br>J\u2019esp\u00e8re continuer ce parcours et recommande le centre Movimiento \u00e0 toutes et \u00e0 tous !<\/p>\n\n\n\n<p><strong>***** Yolaine R.<\/strong><\/p>\n\n\n\n<p>Si vous voulez garder une \u00e9ternelle jeunesse, une \u00e9ternelle souplesse, c&rsquo;est au Centre \u00a0\u00bb MOVIMENTO\u00a0\u00bb qu&rsquo;il faut aller!<br>Elena Berti, professeur d&rsquo;exception toute aur\u00e9ol\u00e9e de gr\u00e2ce et toutefois d&rsquo;exigence nous met en confiance pour bien faire dans une ambiance agr\u00e9able et conviviale. De plus, tout le mat\u00e9riel est fourni sur place!<br>Alors, n&rsquo;attendez plus venez nous rejoindre&#8230;.<\/p>\n\n\n\n<p><strong>***** Catherine P.<\/strong><\/p>\n\n\n\n<p>A Movimento, j&rsquo;ai trouv\u00e9 de vrais cours de Pilates donn\u00e9s par une vraie professionnelle. Elena est exigeante (respect des principes de base du Pilates, contr\u00f4le des postures) mais encourageante. Elle corrige chaque \u00e9l\u00e8ve et les progr\u00e8s sont r\u00e9els. Elena se rappelle des probl\u00e9matiques de chacun et en tient compte. Les cours sont conviviaux, sans bling bling !<\/p>\n\n\n\n<p><strong>***** <u>Nico B.<\/u><\/strong><\/p>\n\n\n\n<p>Comp\u00e9tence, empathie, dynamisme et des efforts soigneusement concoct\u00e9s par Elena qui cr\u00e9e une ambiance de travail tr\u00e8s agr\u00e9able, motivante et chaleureuse.<br>Merci pour cette belle ann\u00e9e.<br>Je recommande vivement !<\/p>\n\n\n\n<p><strong>***** Pascale C.<\/strong><\/p>\n\n\n\n<p>Des s\u00e9ances de travail s\u00e9rieuses dans une ambiance chaleureuse. Elena est tr\u00e8s professionnelle, ses cours sont vari\u00e9s et complets\u2026 on se muscle, on s\u2019assouplit, on se d\u00e9tend\u2026 bref on ne plus s\u2019en passer!<\/p>\n\n\n\n<p><strong>***** Patricia<\/strong><\/p>\n\n\n\n<p>Ces cours permettent de garder la forme la souplesse l\u2019\u00e9quilibre l\u2019\u00e9nergie communiqu\u00e9s par Elena la professeure<br>Pour moi c\u2019est la sant\u00e9 avant tout<br>Deux fois semaine c\u2019est l\u2019id\u00e9al quand on peut<br>Tr\u00e8s bons cours<br>Patricia<\/p>\n\n\n\n<p><strong>***** Muriel V.<\/strong><\/p>\n\n\n\n<p>Merci \u00e0 Elena pr son engagement et son enseignement du Pilates !!! Au top, je repars pr une nvelle saison de pratique ds une ambiance chaleureuse !!!<\/p>\n\n\n\n<p><strong>***** Agnes S.<\/strong><\/p>\n\n\n\n<p>Le centre Movimento est un merveilleux endroit o\u00f9 le corps l esprit se d\u00e9tendent, s&rsquo;assouplissent et se remplissent de bonnes \u00e9nergies gr\u00e2ce \u00e0 l exp\u00e9rience inou\u00efe de notre professeur Elena de Pilates nous partageant aussi son exp\u00e9rience de danseuse professionnelle ces cours sont complets reliant le corps \u00e0 l art de la musique, le geste toujours en mouvements Merci de faire rayonner ce lieu exceptionnel d une mani\u00e8re si professionnelle<\/p>\n\n\n\n<p><strong>***** Sarah G.<\/strong><\/p>\n\n\n\n<p>J&rsquo;ai d\u00e9couvert ce centre en cours d&rsquo;ann\u00e9e et Elena a de suite su me mettre \u00e0 l&rsquo;aise. Elle est tr\u00e8s douce, agr\u00e9able et professionnelle. Ses cours sont dynamiques, on sent que l&rsquo;on travaille et ce toujours dans la bonne humeur. Merci \u00e0 toi de m&rsquo;avoir fait d\u00e9couvrir tes cours durant ces quelques mois.<\/p>\n\n\n\n<p><strong>***** C\u00e9line B.<\/strong><\/p>\n\n\n\n<p>Super cours adapt\u00e9s \u00e0 tous les niveaux, Elena est dynamique et adorable! Elle garde toujours un oeil sur notre posture<\/p>\n\n\n\n<p><strong>***** Capucine L.<\/strong><\/p>\n\n\n\n<p>Elena est une super professeur de pilates, elle lie exigence et bienveillance. Ces cours sont tr\u00e8s bien construits et complets. Le pilates est une discipline qui lie \u00e0 la fois le corps et l&rsquo;esprit. Je recommande fortement.<\/p>\n\n\n\n<p><strong>***** Christine B.<\/strong><\/p>\n\n\n\n<p>Les cours sont vraiment tr\u00e8s bien, ils m\u00ealent des mouvements qui reviennent et que l&rsquo;on am\u00e9liore et des nouveaux qu&rsquo;on a du plaisir \u00e0 decouvrir, Elena les construit avec une inspiration remarquable toujours adapt\u00e9e aux \u00e9l\u00e8ves. Et les effets se font vite sentir, am\u00e9lioration de la tonicit\u00e9, de la souplesse de l&rsquo;\u00e9quilibre, maintien, aisance, bien \u00eatre et tour de taille ! Et surtout le plaisir dans le mouvement ! Nous avons eu une grande chance pendant le confinement de pouvoir continuer \u00e0 pratiquer gr\u00e2ce \u00e0 la capacit\u00e9 d&rsquo;adaptation et la cr\u00e9ativit\u00e9 d&rsquo;Elena qui n&rsquo;a jamais cess\u00e9 de trouver des id\u00e9es pour continuer.<\/p>\n\n\n\n<p class=\"has-text-align-center\"><strong>AVIS FACEBOOK&nbsp;:<\/strong><\/p>\n\n\n\n<p><strong>Martine P.&nbsp;&nbsp;recommande&nbsp;<a href=\"https:\/\/www.facebook.com\/ElenaBertiMovimento\/?__cft__%5b0%5d=AZWnzTBOBFIhhD6wVs2g3d_lVKVSdYEUk0R4AYFNUETCxAFI3BnO-bx9LgOJmr1upjjiBVc-oMCkvu_tRS3B9s0xNpblKjDAJfbcWySIOgV1aQ&amp;__tn__=kC%2CP-R\">Centre Movimento<\/a>.<\/strong><\/p>\n\n\n\n<p>Rigueur et Bienveillance sont les ma\u00eetres mots du Centre. Le sourire et la gentillesse d&rsquo;Elena font passer toutes les difficult\u00e9s.<\/p>\n\n\n\n<p><strong>V\u00e9ro D.&nbsp;&nbsp;recommande Centre Movimento<\/strong><\/p>\n\n\n\n<p>cours s\u00e9rieux gr\u00e2ce auxquels les progr\u00e8s se font vite sentir. Souplesse, \u00e9quilibre, postures assur\u00e9s par la diversit\u00e9 des s\u00e9ances pilates propos\u00e9es.<\/p>\n\n\n\n<p><strong>Annick D. recommande Centre Movimento<\/strong><\/p>\n\n\n\n<p>je recommande vraiment le Centre et la r\u00e9elle implication d&rsquo;Elena. Elle est si accueillante et si \u00ab\u00a0professionnelle\u00a0\u00bb qu&rsquo;elle m\u00e9rite une confiance totale<\/p>\n\n\n\n<p><strong>Ben B. recommande Centre Movimento<\/strong><\/p>\n\n\n\n<p>5 \u00e9toiles! Professeure attentive, motivante, tr\u00e8s professionnelle, Elena insuffle un bon \u00e9tat d&rsquo;esprit dans ses cours.<\/p>\n\n\n\n<p><strong>Magali recommande Centre Movimento<\/strong><\/p>\n\n\n\n<p>Centre \u00e0 recommander. Elena est excellente, elle sait se mettre au niveau de chacun(e), elle sait \u00eatre \u00e0 la fois professionnelle et bienveillante sans oublier sa bonne humeur et son acc\u00e8nt charmant.<\/p>\n\n\n\n<p><strong>Jacqueline S. recommande Centre Movimento<\/strong><\/p>\n\n\n\n<p>Grand professionnalisme , s\u00e9rieux , et vari\u00e8t\u00e9 des cours .<\/p>\n\n\n\n<p>Bienveillance et sourire d&rsquo;El\u00e9na .<\/p>\n\n\n\n<p><strong>Nicole S. recommande Centre Movimento<\/strong><\/p>\n\n\n\n<p>Tr\u00e8s professionnelle<\/p>\n\n\n\n<p>Bonne explication notamment sur la respiration et le fluidit\u00e9 des tous les mouvements<\/p>\n\n\n\n<p>Pour moi c\u2019est top<\/p>\n\n\n\n<p><strong>Caroline G. recommande Centre Movimento<\/strong><\/p>\n\n\n\n<p>Une parenth\u00e8se de bien-\u00eatre !<\/p>\n\n\n\n<p><strong>Anne M. recommande Centre Movimento<\/strong><\/p>\n\n\n\n<p>Fin d\u2019une premi\u00e8re ann\u00e9e pass\u00e9e trop vite bravo pour la qualit\u00e9 de vos cours<\/p>\n\n\n\n<p>Quel bien \u00eatre le Pilates quel bonheur!!!<\/p>\n\n\n\n<p>Vraiment super<\/p>\n","protected":false},"excerpt":{"rendered":"<p>AVIS GOOGLE CENTRE MOVIMENTO : ***** Nathalie B. Cours de Pilates vari\u00e9s et tr\u00e8s appr\u00e9ci\u00e9s par un tr\u00e8s grand nombre. Elena est une professionnelle aguerrie qui n&rsquo;h\u00e9site pas donn\u00e9 de son temps pour ses \u00e9l\u00e8ves.[&#8230;]<\/p>\n","protected":false},"author":1,"featured_media":0,"parent":0,"menu_order":0,"comment_status":"closed","ping_status":"closed","template":"","meta":{"footnotes":""},"_links":{"self":[{"href":"https:\/\/centre-movimento.fr\/index.php\/wp-json\/wp\/v2\/pages\/1369"}],"collection":[{"href":"https:\/\/centre-movimento.fr\/index.php\/wp-json\/wp\/v2\/pages"}],"about":[{"href":"https:\/\/centre-movimento.fr\/index.php\/wp-json\/wp\/v2\/types\/page"}],"author":[{"embeddable":true,"href":"https:\/\/centre-movimento.fr\/index.php\/wp-json\/wp\/v2\/users\/1"}],"replies":[{"embeddable":true,"href":"https:\/\/centre-movimento.fr\/index.php\/wp-json\/wp\/v2\/comments?post=1369"}],"version-history":[{"count":7,"href":"https:\/\/centre-movimento.fr\/index.php\/wp-json\/wp\/v2\/pages\/1369\/revisions"}],"predecessor-version":[{"id":1628,"href":"https:\/\/centre-movimento.fr\/index.php\/wp-json\/wp\/v2\/pages\/1369\/revisions\/1628"}],"wp:attachment":[{"href":"https:\/\/centre-movimento.fr\/index.php\/wp-json\/wp\/v2\/media?parent=1369"}],"curies":[{"name":"wp","href":"https:\/\/api.w.org\/{rel}","templated":true}]}}