{"id":299,"date":"2017-07-06T11:55:13","date_gmt":"2017-07-06T09:55:13","guid":{"rendered":"http:\/\/centre-movimento.fr\/?page_id=299"},"modified":"2025-10-04T13:26:47","modified_gmt":"2025-10-04T11:26:47","slug":"actualites","status":"publish","type":"page","link":"https:\/\/centre-movimento.fr\/index.php\/actualites\/","title":{"rendered":"ACTUALIT\u00c9S, VACANCES SCOLAIRES et R\u00c8GLEMENT INT\u00c9RIEUR"},"content":{"rendered":"\t\t<div data-elementor-type=\"wp-post\" data-elementor-id=\"299\" class=\"elementor elementor-299\">\n\t\t\t\t\t\t<div class=\"elementor-inner\">\n\t\t\t\t<div class=\"elementor-section-wrap\">\n\t\t\t\t\t\t\t\t\t<section class=\"elementor-section elementor-top-section elementor-element elementor-element-1cbc19ef elementor-section-boxed elementor-section-height-default elementor-section-height-default\" data-id=\"1cbc19ef\" data-element_type=\"section\">\n\t\t\t\t\t\t<div class=\"elementor-container elementor-column-gap-default\">\n\t\t\t\t\t\t\t<div class=\"elementor-row\">\n\t\t\t\t\t<div class=\"elementor-column elementor-col-100 elementor-top-column elementor-element elementor-element-aceef65\" data-id=\"aceef65\" data-element_type=\"column\">\n\t\t\t<div class=\"elementor-column-wrap elementor-element-populated\">\n\t\t\t\t\t\t\t<div class=\"elementor-widget-wrap\">\n\t\t\t\t\t\t<div class=\"elementor-element elementor-element-52ca903c elementor-widget elementor-widget-text-editor\" data-id=\"52ca903c\" data-element_type=\"widget\" data-widget_type=\"text-editor.default\">\n\t\t\t\t<div class=\"elementor-widget-container\">\n\t\t\t\t\t\t\t\t<div class=\"elementor-text-editor elementor-clearfix\">\n\t\t\t\t<hr \/><h3 style=\"text-align: center;\"><strong>VEUILLEZ CLIQUER CI -DESSOUS POUR LIRE LE R\u00c8GLEMENT INT\u00c9RIEUR DE MOVIMENTO<\/strong><\/h3><h3 style=\"text-align: center;\"><a href=\"http:\/\/centre-movimento.fr\/wp-content\/uploads\/2024\/07\/REGLEMENT-INTERIEUR-CENTRE-MOVIMENTO-2023-2024.pdf\" target=\"_blank\" rel=\"noopener\"><strong>R\u00c8GLEMENT INT\u00c9RIEUR\u00a0<\/strong><\/a><\/h3><div dir=\"auto\">\u00a0<\/div><hr \/><h3 style=\"text-align: center;\">La rentr\u00e9e du Centre Movimento se fera \u00e0 partir du LUNDI 8 SEPTEMBRE 2025<\/h3><h3 style=\"text-align: center;\"><strong>Vacances 2025\/2026 :<\/strong><\/h3><div dir=\"auto\" style=\"text-align: center;\">Toussaint : ferm\u00e9 du 27\/10 au 02\/11<\/div><div dir=\"auto\">\u00a0<\/div><div dir=\"auto\" style=\"text-align: center;\">No\u00ebl : ferm\u00e9 du 20\/12 au 04\/01<\/div><div dir=\"auto\">\u00a0<\/div><div dir=\"auto\" style=\"text-align: center;\">Hiver : ferm\u00e9 du 21\/02 au 28\/02<\/div><div dir=\"auto\">\u00a0<\/div><div dir=\"auto\" style=\"text-align: center;\">Printemps : ferm\u00e9 du 11\/04 au 19\/04<\/div><div dir=\"auto\">\u00a0<\/div><hr \/><h3 style=\"text-align: center;\"><strong>Jours f\u00e9ri\u00e9s et fermeture du centre PAS DE COURS :<\/strong><\/h3><p style=\"text-align: center;\">P\u00e2ques : Lundi 6 Avril<\/p><p style=\"text-align: center;\">F\u00eate du travail : Vendredi 1 Mai<\/p><p style=\"text-align: center;\">Pont de l&rsquo;Ascension : du Jeudi 14 Mai au dimanche 17 Mai<\/p><p style=\"text-align: center;\">Pentec\u00f4te : Lundi 25 mai<\/p><h3 style=\"text-align: center;\">COURS MAINTENUS ! :<\/h3><p style=\"text-align: center;\">VENDREDI\u00a0 8 MAI<\/p><p style=\"text-align: center;\">\u00a0<\/p>\t\t\t\t\t<\/div>\n\t\t\t\t\t\t<\/div>\n\t\t\t\t<\/div>\n\t\t\t\t\t\t<\/div>\n\t\t\t\t\t<\/div>\n\t\t<\/div>\n\t\t\t\t\t\t\t\t<\/div>\n\t\t\t\t\t<\/div>\n\t\t<\/section>\n\t\t\t\t\t\t\t\t\t<\/div>\n\t\t\t<\/div>\n\t\t\t\t\t<\/div>\n\t\t","protected":false},"excerpt":{"rendered":"<p>VEUILLEZ CLIQUER CI -DESSOUS POUR LIRE LE R\u00c8GLEMENT INT\u00c9RIEUR DE MOVIMENTO R\u00c8GLEMENT INT\u00c9RIEUR\u00a0 \u00a0 La rentr\u00e9e du Centre Movimento se fera \u00e0 partir du LUNDI 8 SEPTEMBRE 2025 Vacances 2025\/2026 : Toussaint : ferm\u00e9 du[&#8230;]<\/p>\n","protected":false},"author":1,"featured_media":0,"parent":0,"menu_order":0,"comment_status":"closed","ping_status":"closed","template":"","meta":{"footnotes":""},"_links":{"self":[{"href":"https:\/\/centre-movimento.fr\/index.php\/wp-json\/wp\/v2\/pages\/299"}],"collection":[{"href":"https:\/\/centre-movimento.fr\/index.php\/wp-json\/wp\/v2\/pages"}],"about":[{"href":"https:\/\/centre-movimento.fr\/index.php\/wp-json\/wp\/v2\/types\/page"}],"author":[{"embeddable":true,"href":"https:\/\/centre-movimento.fr\/index.php\/wp-json\/wp\/v2\/users\/1"}],"replies":[{"embeddable":true,"href":"https:\/\/centre-movimento.fr\/index.php\/wp-json\/wp\/v2\/comments?post=299"}],"version-history":[{"count":139,"href":"https:\/\/centre-movimento.fr\/index.php\/wp-json\/wp\/v2\/pages\/299\/revisions"}],"predecessor-version":[{"id":2219,"href":"https:\/\/centre-movimento.fr\/index.php\/wp-json\/wp\/v2\/pages\/299\/revisions\/2219"}],"wp:attachment":[{"href":"https:\/\/centre-movimento.fr\/index.php\/wp-json\/wp\/v2\/media?parent=299"}],"curies":[{"name":"wp","href":"https:\/\/api.w.org\/{rel}","templated":true}]}}