{"id":30,"date":"2017-07-04T10:10:11","date_gmt":"2017-07-04T08:10:11","guid":{"rendered":"http:\/\/centre-movimento.fr\/?page_id=30"},"modified":"2025-08-28T15:05:37","modified_gmt":"2025-08-28T13:05:37","slug":"planning-inscription","status":"publish","type":"page","link":"https:\/\/centre-movimento.fr\/index.php\/planning-inscription\/","title":{"rendered":"PLANNING &#8211; TARIFS &#8211; FICHE D&rsquo;INSCRIPTION"},"content":{"rendered":"\t\t<div data-elementor-type=\"wp-post\" data-elementor-id=\"30\" class=\"elementor elementor-30\">\n\t\t\t\t\t\t<div class=\"elementor-inner\">\n\t\t\t\t<div class=\"elementor-section-wrap\">\n\t\t\t\t\t\t\t\t\t<section class=\"elementor-section elementor-top-section elementor-element elementor-element-630b99f4 elementor-section-boxed elementor-section-height-default elementor-section-height-default\" data-id=\"630b99f4\" data-element_type=\"section\">\n\t\t\t\t\t\t<div class=\"elementor-container elementor-column-gap-default\">\n\t\t\t\t\t\t\t<div class=\"elementor-row\">\n\t\t\t\t\t<div class=\"elementor-column elementor-col-100 elementor-top-column elementor-element elementor-element-4b824a6b\" data-id=\"4b824a6b\" data-element_type=\"column\">\n\t\t\t<div class=\"elementor-column-wrap elementor-element-populated\">\n\t\t\t\t\t\t\t<div class=\"elementor-widget-wrap\">\n\t\t\t\t\t\t<div class=\"elementor-element elementor-element-64f5a18e elementor-widget elementor-widget-text-editor\" data-id=\"64f5a18e\" data-element_type=\"widget\" data-widget_type=\"text-editor.default\">\n\t\t\t\t<div class=\"elementor-widget-container\">\n\t\t\t\t\t\t\t\t<div class=\"elementor-text-editor elementor-clearfix\">\n\t\t\t\t<p><!-- wp:paragraph --><\/p>\n<p><!-- \/wp:paragraph --><!-- wp:paragraph {\"align\":\"center\"} --><\/p>\n<h3 class=\"has-text-align-center\"><strong>Nouveau planning ann\u00e9e 2025\/2026 :<\/strong><\/h3>\n<p>\u00a0<\/p>\n<p><!-- \/wp:paragraph --><\/p>\n<h4>\u00a0<\/h4>\n<p>\u00a0 \u00a0 \u00a0 \u00a0 \u00a0 \u00a0 \u00a0 \u00a0 \u00a0 \u00a0 \u00a0 \u00a0 \u00a0 \u00a0 \u00a0 \u00a0 \u00a0 \u00a0 \u00a0 \u00a0 \u00a0 \u00a0 \u00a0 \u00a0 \u00a0 \u00a0 \u00a0 \u00a0 \u00a0 \u00a0 \u00a0 \u00a0 <img loading=\"lazy\" decoding=\"async\" class=\"alignnone wp-image-2197 size-full\" src=\"http:\/\/centre-movimento.fr\/wp-content\/uploads\/2025\/08\/Planning-Pilates-recadre-ok-ok.jpeg\" alt=\"\" width=\"2241\" height=\"1388\" srcset=\"https:\/\/centre-movimento.fr\/wp-content\/uploads\/2025\/08\/Planning-Pilates-recadre-ok-ok.jpeg 2241w, https:\/\/centre-movimento.fr\/wp-content\/uploads\/2025\/08\/Planning-Pilates-recadre-ok-ok-300x186.jpeg 300w, https:\/\/centre-movimento.fr\/wp-content\/uploads\/2025\/08\/Planning-Pilates-recadre-ok-ok-1024x634.jpeg 1024w, https:\/\/centre-movimento.fr\/wp-content\/uploads\/2025\/08\/Planning-Pilates-recadre-ok-ok-768x476.jpeg 768w, https:\/\/centre-movimento.fr\/wp-content\/uploads\/2025\/08\/Planning-Pilates-recadre-ok-ok-1536x951.jpeg 1536w, https:\/\/centre-movimento.fr\/wp-content\/uploads\/2025\/08\/Planning-Pilates-recadre-ok-ok-2048x1268.jpeg 2048w, https:\/\/centre-movimento.fr\/wp-content\/uploads\/2025\/08\/Planning-Pilates-recadre-ok-ok-370x229.jpeg 370w, https:\/\/centre-movimento.fr\/wp-content\/uploads\/2025\/08\/Planning-Pilates-recadre-ok-ok-1040x644.jpeg 1040w\" sizes=\"(max-width: 2241px) 100vw, 2241px\" \/><\/p>\n<p>\u00a0<\/p>\n<h3><strong>\u00a0 \u00a0 \u00a0 \u00a0 \u00a0 \u00a0 \u00a0 \u00a0 \u00a0 \u00a0 \u00a0 \u00a0 \u00a0 \u00a0 \u00a0 \u00a0FICHE D&rsquo;INSCRIPTION 2025\/2026 :<\/strong><\/h3>\n<p>\u00a0<\/p>\n<p><b>\u00a0 \u00a0 \u00a0 \u00a0 \u00a0 \u00a0 \u00a0 \u00a0 \u00a0 \u00a0 \u00a0 \u00a0 \u00a0 \u00a0 \u00a0 \u00a0 \u00a0 \u00a0 \u00a0 \u00a0 \u00e0 t\u00e9l\u00e9charger , imprimer et ramener compl\u00e9t\u00e9e (cliquez ci-dessous) :<\/b><\/p>\n<p>\u00a0<\/p>\n<p>\u00a0 \u00a0 \u00a0 \u00a0 \u00a0 \u00a0 \u00a0 \u00a0 \u00a0 \u00a0 \u00a0 \u00a0 \u00a0 \u00a0 \u00a0 \u00a0 \u00a0 \u00a0 \u00a0 \u00a0 \u00a0 \u00a0 \u00a0 \u00a0 \u00a0 \u00a0 \u00a0 \u00a0 \u00a0 \u00a0<a href=\"http:\/\/centre-movimento.fr\/wp-content\/uploads\/2025\/07\/FICHE-INSCRIPTION-MOVIMENTO-2025-2026-OK.doc\">FICHE-INSCRIPTION MOVIMENTO 2025 2026<\/a><\/p>\n<p>\u00a0<\/p>\n<h2>\u00a0 \u00a0 \u00a0 \u00a0\u00a0<\/h2>\n<h2>\u00a0 \u00a0 \u00a0 \u00a0 \u00a0 \u00a0 \u00a0 \u00a0 \u00a0 \u00a0 <strong>\u00a0TARIFS COURS DE PILATES 2025\/2026<\/strong><\/h2>\n<hr \/><hr \/>\n<h3><span style=\"color: #222222;\"><span style=\"font-family: Arial Rounded MT Bold, serif;\"><span style=\"font-size: medium;\"><b>\u00a0 \u00a0 \u00a0 \u00a0 \u00a0 \u00a0 \u00a0 \u00a0 \u00a0 \u00a0 \u00a0 \u00a0 \u00a0 \u00a0 \u00a0 \u00a0 \u00a0 \u00a0 \u00a0 \u00a0 \u00a0 \u00a0 \u00a0 \u00a0 \u00a0 \u00a0 \u00a0 \u00a0 \u00a0 \u00a0 \u00a0 \u00a0\u00a0<\/b><\/span><\/span><\/span><b><\/b><\/h3>\n<p align=\"CENTER\"><span style=\"color: #222222;\"><u> <span style=\"font-family: Arial, serif;\"><span style=\"font-size: medium;\"><i><b>HORAIRES FIXES :<\/b><\/i><\/span><\/span><\/u><\/span><\/p>\n<p align=\"CENTER\"><span style=\"color: #222222;\"><span style=\"font-family: Arial, serif;\"><span style=\"font-size: medium;\"><i>Cr\u00e9neau horaire fixe d\u00e9fini lors de l\u2019inscription et pas rempla\u00e7able<\/i><\/span><\/span><\/span><\/p>\n<p align=\"CENTER\"><span style=\"color: #222222;\"><span style=\"font-family: Arial, serif;\"><span style=\"font-size: medium;\">1h00 par semaine : 35\u20ac\/mois ou 117\u20ac\/trimestre ou 340\u20ac\/ann\u00e9e au lieu de 350\u20ac<\/span><\/span><\/span><\/p>\n<p align=\"CENTER\"><span style=\"color: #222222;\"><span style=\"font-family: Arial, serif;\"><span style=\"font-size: medium;\">1h30 par semaine : 40\u20ac\/mois ou 133\u20ac\/trimestre ou 390\u20ac\/ann\u00e9e au lieu de 400\u20ac<\/span><\/span><\/span><\/p>\n<p align=\"CENTER\"><span style=\"color: #222222;\"><span style=\"font-family: Arial, serif;\"><span style=\"font-size: medium;\">2h00 par semaine : 45\u20ac\/mois ou 150\u20ac\/trimestre ou 440\u20ac\/ann\u00e9e au lieu de 450\u20ac<\/span><\/span><\/span><\/p>\n<p align=\"CENTER\"><span style=\"color: #222222;\"><span style=\"font-family: Arial, serif;\"><span style=\"font-size: medium;\">2h30 par semaine : 50\u20ac\/mois ou 167\u20ac\/trimestre ou 490\u20ac\/ann\u00e9e au lieu de 500\u20ac<\/span><\/span><\/span><\/p>\n<p align=\"CENTER\"><span style=\"color: #222222;\"><span style=\"font-family: Arial, serif;\"><span style=\"font-size: medium;\"><i><u><b>HORAIRES FLEXIBLES :<\/b><\/u><\/i><\/span><\/span><\/span><\/p>\n<p align=\"CENTER\"><span style=\"color: #222222;\"><span style=\"font-family: Arial, serif;\"><span style=\"font-size: medium;\"><i>Possibilit\u00e9 de remplacer un cours avec un autre <\/i><\/span><\/span><\/span><span style=\"color: #222222;\"><span style=\"font-family: Arial, serif;\"><span style=\"font-size: small;\"><i>(dans la limite des places<\/i><\/span><\/span><\/span><i> <\/i><span style=\"color: #222222;\"><span style=\"font-family: Arial, serif;\"><span style=\"font-size: small;\"><i>disponibles)<\/i><\/span><\/span><\/span><span style=\"color: #222222;\"><span style=\"font-family: Arial, serif;\"><span style=\"font-size: medium;\"><i> en cas d\u2019absence au cours fixe <\/i><\/span><\/span><\/span><\/p>\n<p align=\"CENTER\"><span style=\"color: #222222;\"><span style=\"font-family: Arial, serif;\"><span style=\"font-size: medium;\">1h00 par semaine : 38\u20ac\/mois ou 127\u20ac\/trimestre ou 370\u20ac\/ann\u00e9e au lieu de 380\u20ac<\/span><\/span><\/span><\/p>\n<p align=\"CENTER\"><span style=\"color: #222222;\"><span style=\"font-family: Arial, serif;\"><span style=\"font-size: medium;\">1h30 par semaine : 43\u20ac\/mois ou 129\u20ac\/trimestre ou 420\u20ac\/ ann\u00e9e au lieu de 430\u20ac<\/span><\/span><\/span><\/p>\n<p align=\"CENTER\"><span style=\"color: #222222;\"><span style=\"font-family: Arial, serif;\"><span style=\"font-size: medium;\">2h00 par semaine : 48\u20ac\/mois ou 161\u20ac\/trimestre ou 470\u20ac\/ann\u00e9e au lieu de 480\u20ac<\/span><\/span><\/span><\/p>\n<p align=\"CENTER\"><span style=\"color: #222222;\"><span style=\"font-family: Arial, serif;\"><span style=\"font-size: medium;\">2h30 par semaine : 52\u20ac\/mois ou 173\u20ac\/trimestre ou 510\u20ac ann\u00e9e au lieu de 520\u20ac<\/span><\/span><\/span><\/p>\n<p align=\"CENTER\"><span style=\"color: #222222;\"><span style=\"font-family: Arial, serif;\"><span style=\"font-size: medium;\">3h00 par semaine : 55\u20ac\/mois ou 183\u20ac\/trimestre ou 540\u20ac\/ann\u00e9e au lieu de 550\u20ac<\/span><\/span><\/span><\/p>\n<p align=\"CENTER\"><span style=\"color: #222222;\"><span style=\"font-family: Arial, serif;\"><span style=\"font-size: medium;\">3h30 par semaine 58\u20ac\/mois ou 193\u20ac\/trimestre ou 570\u20ac ann\u00e9e au lieu de 580\u20ac<\/span><\/span><\/span><\/p>\n<p align=\"CENTER\"><span style=\"color: #222222;\"><span style=\"font-family: Arial, serif;\"><span style=\"font-size: medium;\">4h00 par semaine : 60\u20ac\/mois ou 200\u20ac\/trimestre ou 590\u20ac\/ann\u00e9e au lieu de 600\u20ac<\/span><\/span><\/span><\/p>\n<p align=\"CENTER\"><span style=\"color: #222222;\"><span style=\"font-family: Arial, serif;\"><span style=\"font-size: medium;\"><i><u><b>TARIFS ELECTRON LIBRE:<\/b><\/u><\/i><\/span><\/span><\/span><\/p>\n<p align=\"CENTER\"><span style=\"color: #222222;\"><span style=\"font-family: Arial, serif;\"><span style=\"font-size: medium;\">Formule permettant un acc\u00e8s illimit\u00e9 aux cours de Pilates ainsi qu\u2019\u00e0 l\u2019abonnement vid\u00e9o <\/span><\/span><\/span><span style=\"color: #222222;\"><span style=\"font-family: Arial, serif;\"><span style=\"font-size: small;\">(abonnement r\u00e9serv\u00e9 \u00e0 maxi 10 personnes inscrites au Centre Movimento)<\/span><\/span><\/span><\/p>\n<p align=\"CENTER\"><span style=\"color: #222222;\"><span style=\"font-family: Arial, serif;\"><span style=\"font-size: medium;\">70\u20ac\/mois ou 233\u20ac\/trimestre ou 690\u20ac\/ann\u00e9e au lieu de 700\u20ac<\/span><\/span><\/span><\/p>\n<p align=\"CENTER\"><span style=\"color: #222222;\"><span style=\"font-family: Arial, serif;\"><span style=\"font-size: medium;\"><i><u><b>CARTE DE COURS<\/b><\/u><\/i><\/span><\/span><\/span> <span style=\"color: #222222;\"><span style=\"font-family: Arial, serif;\"><span style=\"font-size: small;\">valable toute l\u2019ann\u00e9e scolaire<\/span><\/span><\/span><span style=\"color: #222222;\"><span style=\"font-family: Arial, serif;\"><span style=\"font-size: medium;\"> :et limit\u00e9e \u00e0 15 personnes inscrites au Centre Movimento<\/span><\/span><\/span><\/p>\n<p align=\"CENTER\"><span style=\"color: #222222;\"><span style=\"font-family: Arial, serif;\"><span style=\"font-size: medium;\">5 cours : 75\u20ac + frais d\u2019inscription de 30\u20ac<\/span><\/span><\/span><\/p>\n<p align=\"CENTER\"><span style=\"color: #222222;\"><span style=\"font-family: Arial, serif;\"><span style=\"font-size: medium;\">10 cours : 140\u20ac + frais d\u2019inscription de 30\u20ac<\/span><\/span><\/span><\/p>\n<p align=\"CENTER\"><span style=\"color: #222222;\"><span style=\"font-family: Arial, serif;\"><span style=\"font-size: medium;\"><i><u><b>PILATES COACHING PERSONAL TRAINER<\/b><\/u><\/i><\/span><\/span><\/span><span style=\"color: #222222;\"><span style=\"font-family: Arial, serif;\"><span style=\"font-size: medium;\"> :<\/span><\/span><\/span><\/p>\n<p align=\"CENTER\"><span style=\"color: #222222;\"><span style=\"font-family: Arial, serif;\"><span style=\"font-size: medium;\">1 personne 50\u20ac par cours particulier <\/span><\/span><\/span><span style=\"color: #222222;\"><span style=\"font-family: Arial, serif;\"><span style=\"font-size: small;\">(tarif d\u00e9gressif en cas de plus de 5 s\u00e9ances demand\u00e9es)<\/span><\/span><\/span><\/p>\n<p align=\"CENTER\"><span style=\"color: #222222;\"><span style=\"font-family: Arial, serif;\"><span style=\"font-size: medium;\">Couple : 70\u20ac par s\u00e9ance<\/span><\/span><\/span><\/p>\n<p align=\"CENTER\"><span style=\"color: #222222;\"><span style=\"font-family: Arial, serif;\"><span style=\"font-size: medium;\">3 personnes : 30\u20ac\/cours par personne<\/span><\/span><\/span><\/p>\n<p align=\"CENTER\"><span style=\"color: #222222;\"><span style=\"font-family: Arial, serif;\"><span style=\"font-size: medium;\">4 \u00e0 5 personnes : 25\u20ac\/cours par personne<\/span><\/span><\/span><\/p>\n<p align=\"CENTER\"><span style=\"color: #222222;\"><span style=\"font-family: Arial, serif;\"><span style=\"font-size: medium;\"><i><u><b>ABONNEMENT COURS VIDEO PILATES<\/b><\/u><\/i><\/span><\/span><\/span> <span style=\"color: #222222;\"><span style=\"font-family: Arial, serif;\"><span style=\"font-size: small;\">(+ de 400 cours enregistr\u00e9s disponibles) :<\/span><\/span><\/span><\/p>\n<p align=\"CENTER\"><span style=\"color: #222222;\"><span style=\"font-family: Arial, serif;\"><span style=\"font-size: medium;\">80\u20ac par ann\u00e9e scolaire (sept-juin) avec acc\u00e8s illimit\u00e9 aux cours vid\u00e9o sur groupe Facebook<\/span><\/span><\/span><\/p>\n<p align=\"CENTER\">20\u20ac pour l\u2019acc\u00e8s en \u00e9t\u00e9<\/p>\n<p align=\"CENTER\"><span style=\"color: #222222;\"><span style=\"font-family: Arial, serif;\"><span style=\"font-size: medium;\"><i><u><b>COURS DE PILATES A L\u2019UNITE :<\/b><\/u><\/i><\/span><\/span><\/span><\/p>\n<p align=\"CENTER\"><span style=\"color: #222222;\"><span style=\"font-family: Arial, serif;\"><span style=\"font-size: medium;\">16\u20ac par s\u00e9ance \u2013 pas de frais d\u2019inscription<\/span><\/span><\/span><\/p>\n<p align=\"CENTER\"><span style=\"color: #222222;\"><span style=\"font-family: Arial, serif;\"><span style=\"font-size: medium;\"><i><u><b>BALADES PILATES<\/b><\/u><\/i><\/span><\/span><\/span><span style=\"color: #222222;\"><span style=\"font-family: Arial, serif;\"><span style=\"font-size: medium;\"> \u2013 <\/span><\/span><\/span><span style=\"color: #222222;\"><span style=\"font-family: Arial, serif;\"><span style=\"font-size: small;\">(Parcours de 2h dans la nature avec travail Pilates, Marche et exercices de renforcement musculaire)<\/span><\/span><\/span><span style=\"color: #222222;\"><span style=\"font-family: Arial, serif;\"><span style=\"font-size: medium;\"> :<\/span><\/span><\/span><\/p>\n<p align=\"CENTER\"><span style=\"color: #222222;\"><span style=\"font-family: Arial, serif;\"><span style=\"font-size: medium;\">20\u20ac par s\u00e9ance en solo ou 30\u20ac en duo<\/span><\/span><\/span><\/p>\n<p align=\"CENTER\"><span style=\"color: #222222;\"><span style=\"font-family: Arial, serif;\"><span style=\"font-size: medium;\"><i><u><b>STAGES INTERNES MOVIMENTO<\/b><\/u><\/i><\/span><\/span><\/span><\/p>\n<p align=\"CENTER\"><span style=\"color: #222222;\"><span style=\"font-family: Arial, serif;\"><span style=\"font-size: small;\">(le dimanche matin selon planning en cours d\u2019ann\u00e9e) :<\/span><\/span><\/span><\/p>\n<p align=\"CENTER\"><span style=\"color: #222222;\"><span style=\"font-family: Arial, serif;\"><span style=\"font-size: medium;\">10\u20ac par s\u00e9ance d\u20191h30 \u2013 tarif inscrits au Centre Movimento<\/span><\/span><\/span><\/p>\n<p align=\"CENTER\"><span style=\"color: #222222;\"><span style=\"font-family: Arial, serif;\"><span style=\"font-size: medium;\">15\u20ac par s\u00e9ance d\u20191h30 \u2013 tarif non-inscrits au Centre Movimento<\/span><\/span><\/span><\/p>\n<p align=\"CENTER\"><span style=\"color: #222222;\"><span style=\"font-family: Arial, serif;\"><span style=\"font-size: medium;\">Remise de 10\u20ac sur la totalit\u00e9 de la cotisation annuelle pour plusieurs membres de la m\u00eame famille ( foyer fiscal)<\/span><\/span><\/span><\/p>\n<p align=\"CENTER\"><span style=\"color: #222222;\"><span style=\"font-family: Arial, serif;\"><span style=\"font-size: medium;\">Remise de 10\u20ac pour un paiement unique \u00e0 l&rsquo;ann\u00e9e.<\/span><\/span><\/span><\/p>\n<p align=\"CENTER\">\u00a0<\/p>\n<h4 align=\"CENTER\"><strong>Informations et Inscriptions: 06.61.72.67.62<\/strong><\/h4>\n<p>________________________________________________________________________________________________________________<\/p>\n<hr \/>\n<h2>\u00a0 \u00a0 \u00a0 \u00a0 \u00a0 \u00a0 \u00a0 \u00a0 \u00a0 \u00a0 \u00a0 \u00a0 \u00a0 \u00a0 \u00a0 \u00a0 \u00a0 \u00a0 <strong>\u00a0TARIFS COURS DE YOGA<\/strong><\/h2>\n<p>\u00a0 \u00a0 \u00a0 \u00a0 \u00a0 \u00a0 \u00a0 \u00a0 \u00a0 \u00a0 \u00a0 \u00a0 \u00a0 \u00a0 \u00a0 \u00a0 \u00a0 \u00a0 \u00a0 \u00a0 \u00a0 \u00a0 \u00a0 \u00a0 \u00a0 \u00a0 \u00a0 \u00a0 \u00a0 <strong>\u00a0 \u00a0 \u00a0 \u00a0 \u00a0 \u00a0 \u00a0 \u00a0 \u00a0 \u00a0 \u00a0Abonnements annuels<\/strong><br \/>\u00a0 \u00a0 \u00a0 \u00a0 \u00a0 \u00a0 \u00a0 \u00a0 \u00a0 \u00a0 \u00a0 \u00a0 \u00a0 \u00a0 \u00a0 \u00a0 \u00a0 \u00a0 \u00a0 \u00a0 \u00a0 \u00a0 \u00a0 \u00a0 \u00a0 \u00a0 \u00a0 \u00a0 \u00a0 \u00a0 \u00a0 \u00a0 \u00a0 \u00a0 \u00a0 \u00a0 \u00a0 \u00a0 \u00a01 s\u00e9ance \/ semaine : 306\u20ac<br \/>\u00a0 \u00a0 \u00a0 \u00a0 \u00a0 \u00a0 \u00a0 \u00a0 \u00a0 \u00a0 \u00a0 \u00a0 \u00a0 \u00a0 \u00a0 \u00a0 \u00a0 \u00a0 \u00a0 \u00a0 \u00a0 \u00a0 \u00a0 \u00a0 \u00a0 \u00a0 \u00a0 \u00a0 \u00a0 \u00a0 \u00a0 \u00a0 \u00a0 \u00a0 \u00a0 \u00a0 \u00a0 \u00a02 s\u00e9ances \/ semaine : 460\u20ac<\/p>\n<p>\u00a0 \u00a0 \u00a0 \u00a0 \u00a0 \u00a0 \u00a0 \u00a0 \u00a0 \u00a0 \u00a0 \u00a0 \u00a0 \u00a0 \u00a0 \u00a0 \u00a0 \u00a0 \u00a0 \u00a0 \u00a0 \u00a0 \u00a0 \u00a0 \u00a0 \u00a0 \u00a0 \u00a0 \u00a0 <strong>\u00a0 \u00a0 \u00a0 \u00a0 \u00a0 \u00a0 \u00a0 \u00a0 \u00a0 Abonnements trimestriels<\/strong><br \/>\u00a0 \u00a0 \u00a0 \u00a0 \u00a0 \u00a0 \u00a0 \u00a0 \u00a0 \u00a0 \u00a0 \u00a0 \u00a0 \u00a0 \u00a0 \u00a0 \u00a0 \u00a0 \u00a0 \u00a0 \u00a0 \u00a0 \u00a0 \u00a0 \u00a0 \u00a0 \u00a0 \u00a0 \u00a0 \u00a0 \u00a0 \u00a0 \u00a0 \u00a0 \u00a0 \u00a0 \u00a0 1 s\u00e9ance \/ semaine : 125\u20ac<br \/>\u00a0 \u00a0 \u00a0 \u00a0 \u00a0 \u00a0 \u00a0 \u00a0 \u00a0 \u00a0 \u00a0 \u00a0 \u00a0 \u00a0 \u00a0 \u00a0 \u00a0 \u00a0 \u00a0 \u00a0 \u00a0 \u00a0 \u00a0 \u00a0 \u00a0 \u00a0 \u00a0 \u00a0 \u00a0 \u00a0 \u00a0 \u00a0 \u00a0 \u00a0 \u00a0 \u00a0 \u00a0 2 s\u00e9ances \/ semaine : 160\u20ac<br \/>\u00a0 \u00a0 \u00a0 \u00a0 \u00a0 \u00a0 \u00a0 \u00a0 \u00a0 \u00a0 \u00a0 \u00a0 \u00a0 \u00a0 \u00a0 \u00a0 \u00a0 \u00a0 \u00a0 \u00a0 \u00a0 \u00a0 \u00a0 \u00a0 \u00a0 \u00a0 \u00a0 \u00a0 \u00a0 \u00a0 \u00a0 \u00a0 \u00a0 \u00a0 \u00a0 \u00a0 \u00a0 Carte de 10 s\u00e9ances : 145\u20ac<br \/>\u00a0 \u00a0 \u00a0 \u00a0 \u00a0 \u00a0 \u00a0 \u00a0 \u00a0 \u00a0 \u00a0 \u00a0 \u00a0 \u00a0 \u00a0 \u00a0 \u00a0 \u00a0 \u00a0 \u00a0 \u00a0 \u00a0 \u00a0 \u00a0 \u00a0 \u00a0 \u00a0 \u00a0 \u00a0 \u00a0 \u00a0 \u00a0 \u00a0 \u00a0 \u00a0 \u00a0 \u00a0 \u00a0(valable 1 ann\u00e9e scolaire)<br \/>\u00a0 \u00a0 \u00a0 \u00a0 \u00a0 \u00a0 \u00a0 \u00a0 \u00a0 \u00a0 \u00a0 \u00a0 \u00a0 \u00a0 \u00a0 \u00a0 \u00a0 \u00a0 \u00a0 \u00a0 \u00a0 \u00a0 \u00a0 \u00a0 \u00a0 \u00a0 \u00a0 \u00a0 \u00a0 \u00a0 \u00a0 \u00a0 \u00a0 \u00a0 \u00a0 \u00a0 \u00a0 \u00a0 \u00a0 \u00a0 \u00a0 \u00a0 \u00a0 1 s\u00e9ance : 15\u20ac\u00a0\u00a0<br \/>\u00a0 \u00a0 \u00a0 \u00a0 \u00a0 \u00a0 \u00a0 \u00a0 \u00a0 \u00a0 \u00a0 \u00a0 \u00a0 \u00a0 \u00a0 \u00a0 \u00a0 \u00a0 \u00a0 \u00a0 \u00a0 \u00a0Adh\u00e9sion annuelle \u00e0 l&rsquo;association \u00ab Un Souffle d&rsquo;Energie \u00bb 20\u20ac<br \/>\u00a0 \u00a0 \u00a0 \u00a0 \u00a0 \u00a0 \u00a0 \u00a0 \u00a0 \u00a0 \u00a0 \u00a0 \u00a0 \u00a0 \u00a0 \u00a0 \u00a0 \u00a0 \u00a0 \u00a0 \u00a0 \u00a0 \u00a0 \u00a0 \u00a0 \u00a0 \u00a0 \u00a0 \u00a0 \u00a0Tarif d\u00e9gressif si inscription en cours d&rsquo;ann\u00e9e.<\/p>\n<h4>\u00a0 \u00a0 \u00a0 \u00a0 \u00a0 \u00a0 \u00a0 \u00a0 \u00a0 \u00a0 \u00a0 \u00a0 \u00a0 \u00a0 \u00a0 \u00a0 \u00a0 \u00a0 \u00a0 \u00a0 \u00a0 \u00a0 \u00a0 \u00a0 \u00a0 \u00a0 \u00a0 \u00a0 <strong>Informations et inscriptions : 07 69 76 00 26<\/strong><\/h4>\n<p>_______________________________________________________________________________________________________________<\/p>\n<div dir=\"auto\">\u00a0<\/div>\n<h2 dir=\"auto\" style=\"text-align: center;\"><strong>TARIFS ENSEMBLE VOCAL \u00ab\u00a0VOIX D&rsquo;ELLES\u00a0\u00bb<\/strong><\/h2>\n<h4 style=\"text-align: center;\">20\u20ac adhesion\u00a0<\/h4>\n<p style=\"text-align: center;\">200\u20ac\/ an\u00a0 \u00a0payable en 1, 2, 3, 4 ou 5 fois<\/p>\n<p style=\"text-align: center;\">Contact pour un essai: <strong>voixdelles.oms84@gmail.com<\/strong><\/p>\n<h4 style=\"text-align: center;\"><strong>Informations et inscriptions\u00a0 : 06 12 62 79 02<\/strong><\/h4>\n<p>_______________________________________________________________________________________________________________<\/p>\n<div dir=\"auto\">\u00a0<\/div>\n<h2 style=\"text-align: center;\"><strong>TARIFS POSTURAL BALL<\/strong><\/h2>\n<p>\u00a0<\/p>\n<p><strong>\u00a0 \u00a0 \u00a0 \u00a0 \u00a0 \u00a0 \u00a0 \u00a0 \u00a0 \u00a0 \u00a0 \u00a0 \u00a0 \u00a0 \u00a0 \u00a0 \u00a0 \u00a0 \u00a0 \u00a0 \u00a0 \u00a0 \u00a0 \u00a0 \u00a0 \u00a0 \u00a0 \u00a0 \u00a0 \u00a0 \u00a0 \u00a0 \u00a0 \u00a0 \u00a0 \u00a0 \u00a0 \u00a0 \u00a0 \u00a0 \u00a0 TRIMESTRE 117\u20ac<\/strong><\/p>\n<p><strong>\u00a0 \u00a0 \u00a0 \u00a0 \u00a0 \u00a0 \u00a0 \u00a0 \u00a0 \u00a0 \u00a0 \u00a0 \u00a0 \u00a0 \u00a0 \u00a0 \u00a0 \u00a0 \u00a0 \u00a0 \u00a0 \u00a0 \u00a0 \u00a0 \u00a0 \u00a0 \u00a0 \u00a0 \u00a0 \u00a0 \u00a0 \u00a0 \u00a0 \u00a0 \u00a0 \u00a0 \u00a0 \u00a0 \u00a0ANN\u00c9E SCOLAIRE 340\u20ac<\/strong><\/p>\n<p><strong>\u00a0 \u00a0 \u00a0 \u00a0 \u00a0 \u00a0 \u00a0 \u00a0 \u00a0 \u00a0 \u00a0 \u00a0 \u00a0 \u00a0 \u00a0 \u00a0 \u00a0 \u00a0 \u00a0 \u00a0 \u00a0 \u00a0 \u00a0 \u00a0 \u00a0 \u00a0 \u00a0 \u00a0Carte 10 Cours 130\u20ac (valable l&rsquo;ann\u00e9e scolaire )<\/strong><\/p>\n<p><strong>\u00a0 \u00a0 \u00a0 \u00a0 \u00a0 \u00a0 \u00a0 \u00a0 \u00a0 \u00a0 \u00a0 \u00a0 \u00a0 \u00a0 \u00a0 \u00a0 \u00a0 \u00a0 \u00a0 \u00a0 \u00a0 \u00a0 \u00a0 \u00a0 \u00a0 \u00a0 \u00a0 \u00a0 \u00a0 \u00a0 \u00a0 \u00a0 \u00a0 \u00a0 \u00a0 \u00a0 \u00a0 \u00a0 \u00a0 \u00a0 \u00a0Cours \u00e0 l&rsquo;unit\u00e9 15\u20ac<\/strong><\/p>\n<h4>\u00a0 \u00a0 \u00a0 \u00a0 \u00a0 \u00a0 \u00a0 \u00a0 \u00a0 \u00a0 \u00a0 \u00a0 \u00a0 \u00a0 \u00a0 \u00a0 \u00a0 \u00a0 \u00a0 \u00a0 \u00a0 \u00a0 \u00a0 \u00a0 \u00a0 \u00a0 \u00a0 <strong>\u00a0Informations et inscriptions : 06.74.34.50.33<\/strong><\/h4>\n<h2>__________________________________________________<\/h2>\n<h2>\u00a0 \u00a0 \u00a0 \u00a0 \u00a0 \u00a0 \u00a0 \u00a0 \u00a0 \u00a0 \u00a0<strong>\u00a0 \u00a0TARIFS COURS DE YOGA MATERNITE<\/strong><\/h2>\n<p><br \/>\u00a0 \u00a0 \u00a0 \u00a0 \u00a0 \u00a0 \u00a0 \u00a0 \u00a0 \u00a0 \u00a0 \u00a0 \u00a0 \u00a0 \u00a0 \u00a0 \u00a0 \u00a0 \u00a0 \u00a0 \u00a0 \u00a0 \u00a0 \u00a0 \u00a0 \u00a0 \u00a0 \u00a0 Carte de 10 s\u00e9ances : 165\u20ac (valable 6 mois)\u00a0\u00a0 \u00a0 \u00a0 \u00a0 \u00a0<\/p>\n<p>\u00a0 \u00a0 \u00a0 \u00a0 \u00a0 \u00a0 \u00a0 \u00a0 \u00a0 \u00a0 \u00a0 \u00a0 \u00a0 \u00a0 \u00a0 \u00a0 \u00a0<\/p>\n<p>\u00a0 \u00a0 \u00a0 \u00a0 \u00a0 \u00a0 \u00a0 \u00a0 \u00a0 \u00a0 \u00a0 \u00a0 \u00a0 \u00a0 \u00a0 \u00a0 \u00a0 \u00a0 \u00a0 \u00a0 \u00a0 \u00a0 \u00a0 \u00a0 \u00a0 \u00a0 \u00a0 \u00a0 \u00a0 \u00a0 \u00a0 \u00a0 \u00a0 \u00a0 \u00a0 \u00a01 s\u00e9ance(1h15) : 18\u20ac<\/p>\n<p><br \/>\u00a0 \u00a0 \u00a0 \u00a0 \u00a0 \u00a0 \u00a0 \u00a0 \u00a0 \u00a0 \u00a0 \u00a0 \u00a0\u00a0 \u00a0 \u00a0 \u00a0 R\u00e9ductions suppl\u00e9mentaires pour l&rsquo;achat de cartes cadeaux de naissance<br \/><br \/><\/p>\n<h4><br \/><strong>\u00a0 \u00a0 \u00a0 \u00a0 \u00a0 \u00a0 \u00a0 \u00a0 \u00a0 \u00a0 \u00a0 \u00a0 \u00a0 \u00a0 \u00a0 \u00a0 \u00a0 \u00a0 \u00a0 \u00a0 \u00a0 \u00a0 \u00a0 \u00a0Informations et inscriptions : 06 60 29 89 35<\/strong><\/h4>\n<p>\u00a0<\/p>\n<p>_______________________________________________________________________________________________________________<\/p>\n<h2>\u00a0<\/h2>\n<h2 dir=\"auto\">\u00a0<strong> \u00a0 \u00a0 \u00a0 \u00a0 \u00a0 \u00a0 \u00a0 \u00a0 \u00a0 \u00a0 \u00a0 \u00a0 \u00a0 TARIFS COURS DE YOGA DOUX<\/strong><\/h2>\n<p dir=\"auto\"><br \/>\u00a0 \u00a0 \u00a0 \u00a0 \u00a0 \u00a0 \u00a0 \u00a0 \u00a0 \u00a0 \u00a0 \u00a0 \u00a0 \u00a0 \u00a0 \u00a0 \u00a0 \u00a0 \u00a0 \u00a0 \u00a0 \u00a0 \u00a0 \u00a0 \u00a0 \u00a0 \u00a0 \u00a0 \u00a0 \u00a0 \u00a0 \u00a0 \u00a0 \u00a0 \u00a0Abonnement annuel<\/p>\n<p dir=\"auto\"><br \/>\u00a0 \u00a0 \u00a0 \u00a0 \u00a0 \u00a0 \u00a0 \u00a0 \u00a0 \u00a0 \u00a0 \u00a0 \u00a0 \u00a0 \u00a0 \u00a0 \u00a0 \u00a0 \u00a0 \u00a0 \u00a0 \u00a0 \u00a0 \u00a0 \u00a0 \u00a0 \u00a0 \u00a0 \u00a0 \u00a0 \u00a0 \u00a0 \u00a0 \u00a01 s\u00e9ance \/ semaine : 340\u20ac<\/p>\n<p dir=\"auto\"><br \/>\u00a0 \u00a0 \u00a0 \u00a0 \u00a0 \u00a0 \u00a0 \u00a0 \u00a0 \u00a0 \u00a0 \u00a0 \u00a0 \u00a0 \u00a0 \u00a0 \u00a0 \u00a0 \u00a0 \u00a0 \u00a0 \u00a0Carte de 10 s\u00e9ances : 145\u20ac (valable 1 ann\u00e9e scolaire)<\/p>\n<p dir=\"auto\"><br \/>\u00a0 \u00a0 \u00a0 \u00a0 \u00a0 \u00a0 \u00a0 \u00a0 \u00a0 \u00a0 \u00a0 \u00a0 \u00a0 \u00a0 \u00a0 \u00a0 \u00a0 \u00a0 \u00a0 \u00a0 \u00a0 \u00a0 \u00a0 \u00a0 \u00a0 \u00a0 \u00a0 \u00a0 \u00a0 \u00a0 \u00a0 \u00a0 \u00a0 \u00a0 \u00a0 \u00a0 \u00a0 \u00a01 s\u00e9ance : 15\u20ac<\/p>\n<h4 dir=\"auto\"><br \/><strong>\u00a0 \u00a0 \u00a0 \u00a0 \u00a0 \u00a0 \u00a0 \u00a0 \u00a0 \u00a0 \u00a0 \u00a0 \u00a0 \u00a0 \u00a0 \u00a0 \u00a0 \u00a0 \u00a0 \u00a0 \u00a0 \u00a0 \u00a0 \u00a0Informations et inscriptions : 06 60 29 89 35<\/strong><\/h4>\n<div dir=\"auto\" style=\"text-align: center;\">\u00a0<\/div>\n<div dir=\"auto\" style=\"text-align: center;\">\u00a0<\/div>\n<p>\u00a0<\/p>\t\t\t\t\t<\/div>\n\t\t\t\t\t\t<\/div>\n\t\t\t\t<\/div>\n\t\t\t\t\t\t<\/div>\n\t\t\t\t\t<\/div>\n\t\t<\/div>\n\t\t\t\t\t\t\t\t<\/div>\n\t\t\t\t\t<\/div>\n\t\t<\/section>\n\t\t\t\t\t\t\t\t\t<\/div>\n\t\t\t<\/div>\n\t\t\t\t\t<\/div>\n\t\t","protected":false},"excerpt":{"rendered":"<p>Nouveau planning ann\u00e9e 2025\/2026 : \u00a0 \u00a0 \u00a0 \u00a0 \u00a0 \u00a0 \u00a0 \u00a0 \u00a0 \u00a0 \u00a0 \u00a0 \u00a0 \u00a0 \u00a0 \u00a0 \u00a0 \u00a0 \u00a0 \u00a0 \u00a0 \u00a0 \u00a0 \u00a0 \u00a0 \u00a0 \u00a0 \u00a0 \u00a0 \u00a0[&#8230;]<\/p>\n","protected":false},"author":1,"featured_media":533,"parent":0,"menu_order":0,"comment_status":"closed","ping_status":"closed","template":"","meta":{"footnotes":""},"_links":{"self":[{"href":"https:\/\/centre-movimento.fr\/index.php\/wp-json\/wp\/v2\/pages\/30"}],"collection":[{"href":"https:\/\/centre-movimento.fr\/index.php\/wp-json\/wp\/v2\/pages"}],"about":[{"href":"https:\/\/centre-movimento.fr\/index.php\/wp-json\/wp\/v2\/types\/page"}],"author":[{"embeddable":true,"href":"https:\/\/centre-movimento.fr\/index.php\/wp-json\/wp\/v2\/users\/1"}],"replies":[{"embeddable":true,"href":"https:\/\/centre-movimento.fr\/index.php\/wp-json\/wp\/v2\/comments?post=30"}],"version-history":[{"count":221,"href":"https:\/\/centre-movimento.fr\/index.php\/wp-json\/wp\/v2\/pages\/30\/revisions"}],"predecessor-version":[{"id":2201,"href":"https:\/\/centre-movimento.fr\/index.php\/wp-json\/wp\/v2\/pages\/30\/revisions\/2201"}],"wp:featuredmedia":[{"embeddable":true,"href":"https:\/\/centre-movimento.fr\/index.php\/wp-json\/wp\/v2\/media\/533"}],"wp:attachment":[{"href":"https:\/\/centre-movimento.fr\/index.php\/wp-json\/wp\/v2\/media?parent=30"}],"curies":[{"name":"wp","href":"https:\/\/api.w.org\/{rel}","templated":true}]}}