{"id":9,"date":"2017-07-04T10:06:53","date_gmt":"2017-07-04T08:06:53","guid":{"rendered":"http:\/\/centre-movimento.fr\/?page_id=9"},"modified":"2025-08-28T14:52:33","modified_gmt":"2025-08-28T12:52:33","slug":"professeurs-pilates","status":"publish","type":"page","link":"https:\/\/centre-movimento.fr\/index.php\/professeurs-pilates\/","title":{"rendered":"LES PROFESSEURS"},"content":{"rendered":"\t\t<div data-elementor-type=\"wp-post\" data-elementor-id=\"9\" class=\"elementor elementor-9\">\n\t\t\t\t\t\t<div class=\"elementor-inner\">\n\t\t\t\t<div class=\"elementor-section-wrap\">\n\t\t\t\t\t\t\t\t\t<section class=\"elementor-section elementor-top-section elementor-element elementor-element-325fe362 elementor-section-boxed elementor-section-height-default elementor-section-height-default\" data-id=\"325fe362\" data-element_type=\"section\">\n\t\t\t\t\t\t<div class=\"elementor-container elementor-column-gap-default\">\n\t\t\t\t\t\t\t<div class=\"elementor-row\">\n\t\t\t\t\t<div class=\"elementor-column elementor-col-100 elementor-top-column elementor-element elementor-element-430425fc\" data-id=\"430425fc\" data-element_type=\"column\">\n\t\t\t<div class=\"elementor-column-wrap elementor-element-populated\">\n\t\t\t\t\t\t\t<div class=\"elementor-widget-wrap\">\n\t\t\t\t\t\t<div class=\"elementor-element elementor-element-133b76e elementor-widget__width-initial elementor-widget elementor-widget-text-editor\" data-id=\"133b76e\" data-element_type=\"widget\" data-widget_type=\"text-editor.default\">\n\t\t\t\t<div class=\"elementor-widget-container\">\n\t\t\t\t\t\t\t\t<div class=\"elementor-text-editor elementor-clearfix\">\n\t\t\t\t<pre style=\"text-align: center;\">ELENA<strong> BERTI\nDIRECTRICE ARTISTIQUE, PROFESSEUR DE PILATES, PILATES-DANSE et DANSE MODERN-JAZZ <\/strong><\/pre><p>\u00a0 \u00a0 \u00a0 \u00a0 \u00a0 \u00a0 \u00a0 \u00a0 \u00a0 \u00a0 \u00a0 \u00a0 \u00a0 \u00a0 \u00a0 \u00a0 \u00a0 \u00a0 \u00a0 \u00a0 \u00a0 \u00a0 \u00a0 \u00a0 \u00a0 \u00a0 \u00a0 \u00a0 \u00a0 \u00a0 \u00a0 \u00a0 \u00a0 \u00a0 \u00a0 \u00a0 \u00a0 <img loading=\"lazy\" decoding=\"async\" src=\"http:\/\/centre-movimento.fr\/wp-content\/uploads\/2017\/07\/elli-portrait-recadre\u00e9-2-ok-300x296.jpg\" alt=\"\" width=\"300\" height=\"296\" \/><\/p><p style=\"text-align: center;\">Etudes de <strong>Danse Classique<\/strong> et de D<strong>anse Jazz<\/strong> d\u00e8s l&rsquo;\u00e2ge de 8 ans.<\/p><p style=\"text-align: center;\"><em><u><strong>Formation danse<\/strong> : <\/u><\/em><em>\u00a0<\/em>par Loris Gai, Jane Lawton, Isabella Pampaloni, Rosanna Brocanello et Cristina Bozzolini au Centro Studi Danza du <strong>Balletto di Toscana \u00e0 Firenze.<\/strong><\/p><p style=\"text-align: center;\">Apr\u00e8s ses \u00e9tudes et formation en danse classique durant 10 ans, elle entre dans la <strong>compagnie \u00ab\u00a0Hot jazz dance Company<\/strong>\u00a0\u00bb dirig\u00e9e par Rosanna Brocanello o\u00f9 elle travaille comme <strong>danseuse<\/strong> pendant \u00a0diff\u00e9rentes ann\u00e9es \u00a0, parall\u00e8lement elle suit des stages de<strong> formation JAZZ<\/strong> et des cours de perfectionnement aupr\u00e8s de chor\u00e9graphes et de professeurs internationaux : Erika Rhoda, Peter Goss, Gianin Loringett, Larrio Ekson, Anne Marie Porras, Bruno Agati&#8230;et beaucoup d&rsquo;autres.<\/p><p style=\"text-align: center;\">Quelques ann\u00e9es plus tard, elle cr\u00e9e son propre <strong>centre de danse \u00ab\u00a0Axe\u00a0\u00bb \u00e0 Pistoia<\/strong> (Toscane) et en <strong>1990<\/strong> elle fonde la <strong>\u00ab\u00a0Danse-Th\u00e9\u00e2tre School\u00a0\u00bb\u00e0 Pistoia,<\/strong> dans laquelle elle enseigne\u00a0 la danse modern-jazz \u00e0 des \u00e9l\u00e8ves de tous \u00e2ges et\u00a0 de tous niveaux. Elle conduit la cr\u00e9ation de spectacles au sein de l&rsquo;\u00e9cole et avec sa <strong>compagnie \u00ab\u00a0Effetti Paralleli\u00a0\u00bb<\/strong> (performances, d\u00e9fil\u00e9s, vid\u00e9os).<\/p><p style=\"text-align: center;\">En <strong>1997<\/strong>, <strong>elle arrive en France<\/strong> ou elle obtient, apr\u00e8s examen au conservatoire d&rsquo;Avignon, <strong>\u00a0l&rsquo;\u00e9quivalent du D.E. \u00a0option Jazz<\/strong>, aupr\u00e8s du Minist\u00e8re de la culture et de la communication.<\/p><p style=\"text-align: center;\"><strong>Elle enseigne alors dans diff\u00e9rents centres de Danse de la r\u00e9gion\u00a0<\/strong>. En 2000 elle est nomm\u00e9e directrice\u00a0 artistique du<strong> centre de danse \u00ab\u00a0Movimento\u00a0\u00bb<\/strong> \u00e0 Orange ; parall\u00e8lement <strong>elle intervient dans des \u00e9coles et des coll\u00e8ges<\/strong> avec des ateliers de danse, th\u00e9\u00e2tre-mime .<\/p><p style=\"text-align: center;\">En <strong>2003<\/strong>, elle cr\u00e9e son propre centre d&rsquo;art <strong>\u00ab\u00a0ARTEDANZA\u00a0\u00bb<\/strong>\u00a0 o\u00f9 elle enseigne avec son \u00e9quipe de professeurs la danse modern-jazz et la danse classique, le th\u00e9\u00e2tre, le chant, l\u2019acrobatie.\u00a0 Il s\u2019ensuit plusieurs <strong>cr\u00e9ations et pr\u00e9sentations de spectacles et de com\u00e9dies musicales <\/strong>avec ses \u00e9l\u00e8ves du centre et avec sa compagnie\u00a0<strong>\u00ab\u00a0Kaleido\u00a0\u00bb<\/strong>\u00a0. Elle est r\u00e9cemment intervenue au lyc\u00e9e de l&rsquo;Arc d&rsquo;Orange pour un spectacle<strong> Danse-Th\u00e9\u00e2tre <\/strong>et dans des \u00e9coles primaires pour des projets<strong> Danse-Th\u00e9atre-Marionnettes<\/strong><\/p><p style=\"text-align: center;\">En 2016 elle fr\u00e9quente des cours de <strong>formation PILATES<\/strong> avec Thierry Vezies (Opera de Paris) et Karine Lerquin (Paris) et en 2017 elle obtient le <strong>Dipl\u00f4me National Professeur de Pilates<\/strong> \u00e0 Firenze aupr\u00e8s de <strong>AICS-CONI .\u00a0<\/strong>En 2018 elle obtient le\u00a0<strong>Dipl\u00f4me National professeur de Pilates niveau Superieur\u00a0\u00a0<\/strong>et \u00e9galement le\u00a0<strong>Dipl\u00f4me National professeur de HATHA YOGA. Coni-Aics. <\/strong>Enfin, en 2020, elle re\u00e7oit le dipl\u00f4me <strong>ASI \/ CONI<\/strong> en gymnastique posturale et personal trainer (coach), reconnu par le minist\u00e8re et la pr\u00e9sidence du conseil des ministres.<\/p><p style=\"text-align: center;\">Elle ouvre son nouveau <strong>CENTRE MOVIMENTO<\/strong> en septembre 2017. Un espace d\u00e9di\u00e9 \u00e0 la pratique <strong>PILATES<\/strong> et d&rsquo;autres cours collectifs dans le respect de l\u2019\u00e9panouissement du corps et de l\u2019esprit.<\/p><p style=\"text-align: center;\">Sa devise : \u00a0<strong>\u00ab\u00a0<em>MENS SANA IN CORPORE SANO\u00a0\u00bb\u00a0<\/em><\/strong><\/p><p>_______________________________________________________________________________________________________________<\/p><p style=\"text-align: center;\"><strong><em>\u00a0<\/em><\/strong><\/p><pre style=\"text-align: center;\"><strong>OLIVIER MASSON\u00a0<\/strong>\n\n<strong>PROFESSEUR de HATHA YOGA\n<img loading=\"lazy\" decoding=\"async\" class=\"alignnone wp-image-862\" src=\"http:\/\/centre-movimento.fr\/wp-content\/uploads\/2019\/06\/Olivier-photo-171x300.png\" alt=\"\" width=\"189\" height=\"332\" srcset=\"https:\/\/centre-movimento.fr\/wp-content\/uploads\/2019\/06\/Olivier-photo-171x300.png 171w, https:\/\/centre-movimento.fr\/wp-content\/uploads\/2019\/06\/Olivier-photo-370x649.png 370w, https:\/\/centre-movimento.fr\/wp-content\/uploads\/2019\/06\/Olivier-photo.png 560w\" sizes=\"(max-width: 189px) 100vw, 189px\" \/>\n<\/strong><\/pre><p><span style=\"font-weight: 400;\">Impr\u00e9gn\u00e9 de l\u2019\u00e9nergie du\u00a0Yoga\u00a0d\u00e8s son enfance gr\u00e2ce \u00e0 ses parents, tous deux professeurs de<strong>\u00a0Hatha Yoga.<\/strong> Naturellement ils lui ont transmis les valeurs et principes du Yoga.\u00a0<\/span><\/p><p><span style=\"font-weight: 400;\">Le Yoga a toujours \u00e9t\u00e9 pr\u00e9sent dans sa vie, cependant, plus jeune, il a pu exp\u00e9rimenter d\u2019autres pratiques telles que le <strong>cross training, le kung fu,<\/strong> mais aussi l<strong>\u2019escalade<\/strong> et\u00a0 l\u2019<strong>alpinisme<\/strong>. Aujourd\u2019hui, amoureux de la nature et de la montagne il pratique le trail <strong>running et la randonn\u00e9e.<\/strong><\/span><\/p><p><span style=\"font-weight: 400;\">C\u2019est \u00e0 partir de 2012 que sa pratique de <\/span><b>Yoga<\/b><span style=\"font-weight: 400;\"> est devenue plus soutenue et r\u00e9guli\u00e8re.<\/span><\/p><p><span style=\"font-weight: 400;\">En 2018, Olivier int\u00e8gre la formation du professorat \u00e0 l\u2019Ecole de Yoga de Provence\u00a0(EFYP) en vue de perfectionner sa pratique, d\u2019approfondir l\u2019\u00e9tude du Yoga et \u00e9galement de se qualifier afin de pouvoir enseigner. Il fini son cursus initiale \u00e0 <\/span><b>l\u2019Ecole Fran\u00e7aise de Yoga du Sud-Est<\/b><span style=\"font-weight: 400;\"> (EFYSE).<\/span><\/p><p><span style=\"font-weight: 400;\">Apr\u00e8s 4 ans d\u2019\u00e9tudes initiales, il entreprend une post-formation professionnelle, toujours pour approfondir et perfectionner ses pratiques et connaissances avec <strong>M. Boris<\/strong> <strong>TATZKY.<\/strong><\/span><\/p><p><i><span style=\"font-weight: 400;\">\u00ab\u00a0C&rsquo;est avec enthousiasme, \u00e9nergie et bienveillance que je vous propose de vous accueillir et de vous accompagner dans les cours que je propose.\u00a0\u00bb<\/span><\/i><\/p><p><i><span style=\"font-weight: 400;\">Olivier<\/span><\/i><\/p><h5 style=\"text-align: center;\">\u00a0<\/h5><pre><strong>                                                         SIMONA GENTILE<br \/>                                                   \u00a0professeur de\u00a0 POSTURAL BALL<\/strong><\/pre><p><strong>\u00a0 \u00a0 \u00a0 \u00a0 \u00a0 \u00a0 \u00a0 \u00a0 \u00a0 \u00a0 \u00a0 \u00a0 \u00a0 \u00a0 \u00a0 \u00a0 \u00a0 \u00a0 \u00a0 \u00a0 \u00a0 \u00a0 \u00a0 \u00a0 \u00a0 \u00a0 \u00a0\u00a0<\/strong><\/p><div><div class=\"gmail_default\"><img loading=\"lazy\" decoding=\"async\" class=\" wp-image-1929 aligncenter\" src=\"http:\/\/centre-movimento.fr\/wp-content\/uploads\/2025\/07\/SIMONA-GENTILE-200x300.jpg\" alt=\"\" width=\"189\" height=\"284\" srcset=\"https:\/\/centre-movimento.fr\/wp-content\/uploads\/2025\/07\/SIMONA-GENTILE-200x300.jpg 200w, https:\/\/centre-movimento.fr\/wp-content\/uploads\/2025\/07\/SIMONA-GENTILE-370x555.jpg 370w, https:\/\/centre-movimento.fr\/wp-content\/uploads\/2025\/07\/SIMONA-GENTILE.jpg 458w\" sizes=\"(max-width: 189px) 100vw, 189px\" \/><\/div><\/div><div><div class=\"gmail_default\"><strong>Simona Gentile<\/strong>\u00a0d\u00e9couvre la danse classique et contemporaine en Italie d\u00e8s son adolescence, se passionnant tr\u00e8s t\u00f4t pour l&rsquo;expression du corps en mouvement. Anim\u00e9e par une profonde curiosit\u00e9 artistique, elle s\u2019installe \u00e0 Paris pour int\u00e9grer l\u2019\u00e9cole\u00a0<strong>RIDC \u2013 Rencontres Internationales de Danse Contemporaine<\/strong>, fond\u00e9e par\u00a0<strong>Fran\u00e7oise et Dominique Dupuy<\/strong>, figures embl\u00e9matiques de la danse contemporaine en France.<\/div><p>Pendant trois ann\u00e9es de formation intensive \u00e0 temps plein, elle approfondit les fondements techniques, p\u00e9dagogiques et cr\u00e9atifs de la danse contemporaine. \u00c0 l\u2019issue de ce parcours, elle obtient le\u00a0<strong>Dipl\u00f4me d&rsquo;\u00c9tat de professeur de danse<\/strong>, consolidant ainsi ses comp\u00e9tences et sa vocation d\u2019enseignante.<\/p><p>Pendant plus de 15 ans, Simona enseigne et travaille au sein de\u00a0<strong>compagnies de th\u00e9\u00e2tre-danse et de danse contemporaine<\/strong>, tout en poursuivant une formation continue en\u00a0<strong>m\u00e9thode Feldenkrais,<span class=\"gmail_default\"><span style=\"color: #000000;\">Kin\u00e9siologie\u00a0<wbr \/>appliqu\u00e9e \u00e0 la<\/span><\/span><span class=\"gmail_default\">\u00a0<\/span><span class=\"gmail_default\"><span style=\"color: #000000;\">danse<\/span><\/span><span class=\"gmail_default\">,<\/span>\u00a0Shiatsu, yoga et danse contemporaine<\/strong>. Cette curiosit\u00e9 constante nourrit une approche riche et nuanc\u00e9e du mouvement.<\/p><p>Parall\u00e8lement, elle d\u00e9veloppe sa pratique du\u00a0<strong>massage ayurv\u00e9dique<\/strong>, puis fonde en\u00a0<strong>2007<\/strong>\u00a0un\u00a0<strong>organisme de formation d\u00e9di\u00e9 au Yoga et \u00e0 l\u2019Ayurveda<\/strong>, dans lequel elle continue \u00e0 transmettre ses connaissances du corps, du souffle et de l\u2019\u00e9nergie.<\/p><p>Suite \u00e0 un\u00a0<strong>accident vert\u00e9bral<\/strong>\u00a0qui l\u2019a contrainte \u00e0 l\u2019immobilit\u00e9, elle d\u00e9couvre<span class=\"gmail_default\">\u00a0<\/span><span class=\"gmail_default\"><span style=\"color: #000000;\">et elle se forme en devenant instructrice\u00a0certifi\u00e9e\u00a0<\/span><\/span><span class=\"gmail_default\">\u00e0<\/span>\u00a0la m\u00e9thode\u00a0<strong>Postural Ball<\/strong>, une pratique douce et respectueuse de la colonne vert\u00e9brale. Cette m\u00e9thode devient pour elle, comme pour ses \u00e9l\u00e8ves, une ressource pr\u00e9cieuse de\u00a0<strong>r\u00e9\u00e9quilibrage postural et de bien-\u00eatre global<\/strong>.<\/p><p>Aujourd\u2019hui, Simona partage une vision int\u00e9grative du corps : un espace d\u2019exploration, de r\u00e9g\u00e9n\u00e9ration et de pr\u00e9sence, au croisement de l\u2019art, de la conscience et du soin.\u00a0<\/p><pre><b>                                                        CYRIL HERITIER <br \/>  \u00a0 \u00a0 \u00a0 \u00a0 \u00a0 \u00a0                                  \u00a0 Ch\u0153ur de femmes \"Voix d'Elles\"<\/b><\/pre><p><strong>\u00a0 \u00a0 \u00a0 \u00a0 \u00a0 \u00a0 \u00a0 \u00a0 \u00a0 \u00a0 \u00a0 \u00a0 \u00a0 \u00a0 \u00a0 \u00a0 \u00a0 \u00a0 \u00a0 \u00a0 \u00a0 \u00a0 \u00a0 \u00a0 \u00a0 \u00a0 \u00a0\u00a0<br \/>\u00a0 \u00a0 \u00a0 \u00a0 \u00a0 \u00a0 \u00a0 \u00a0 \u00a0 \u00a0 \u00a0 \u00a0 \u00a0 \u00a0 \u00a0 \u00a0 \u00a0 \u00a0 \u00a0 \u00a0 \u00a0 \u00a0 \u00a0 \u00a0 \u00a0 \u00a0 \u00a0 \u00a0 \u00a0 \u00a0 \u00a0 \u00a0 \u00a0 \u00a0 \u00a0 \u00a0 \u00a0 \u00a0 \u00a0<img loading=\"lazy\" decoding=\"async\" class=\"alignnone size-medium wp-image-1930\" src=\"http:\/\/centre-movimento.fr\/wp-content\/uploads\/2025\/07\/cyril-201x300.jpg\" alt=\"\" width=\"201\" height=\"300\" srcset=\"https:\/\/centre-movimento.fr\/wp-content\/uploads\/2025\/07\/cyril-201x300.jpg 201w, https:\/\/centre-movimento.fr\/wp-content\/uploads\/2025\/07\/cyril-686x1024.jpg 686w, https:\/\/centre-movimento.fr\/wp-content\/uploads\/2025\/07\/cyril-768x1146.jpg 768w, https:\/\/centre-movimento.fr\/wp-content\/uploads\/2025\/07\/cyril-1029x1536.jpg 1029w, https:\/\/centre-movimento.fr\/wp-content\/uploads\/2025\/07\/cyril-370x552.jpg 370w, https:\/\/centre-movimento.fr\/wp-content\/uploads\/2025\/07\/cyril-1040x1552.jpg 1040w, https:\/\/centre-movimento.fr\/wp-content\/uploads\/2025\/07\/cyril.jpg 1072w\" sizes=\"(max-width: 201px) 100vw, 201px\" \/><br \/><\/strong><\/p><\/div><p class=\"font_2 wixui-rich-text__text\"><span class=\"color_37 wixui-rich-text__text\"><span class=\"wixui-rich-text__text\"><strong>Cyril H\u00e9ritier<\/strong> d\u00e9couvre et aime la musique d\u00e8s son plus jeune \u00e2ge o\u00f9 il apprend \u00e0 jouer de la clarinette.<\/span><\/span><\/p><p class=\"font_2 wixui-rich-text__text\"><span class=\"color_37 wixui-rich-text__text\"><span class=\"wixui-rich-text__text\">Il s&rsquo;int\u00e9resse ensuite au chant en int\u00e9grant la chorale de son lyc\u00e9e.<\/span><\/span><\/p><p class=\"font_2 wixui-rich-text__text\"><span class=\"color_37 wixui-rich-text__text\"><span class=\"wixui-rich-text__text\">Apr\u00e8s un baccalaur\u00e9at musique et en parall\u00e8le d\u2019une <strong>licence en musicologie<\/strong>, il int\u00e8gre le conservatoire national de r\u00e9gion de Bordeaux o\u00f9 il obtient un dipl\u00f4me d&rsquo;\u00e9tudes musicales.<\/span><\/span><\/p><p class=\"font_2 wixui-rich-text__text\"><span class=\"color_37 wixui-rich-text__text\"><span class=\"wixui-rich-text__text\">Apr\u00e8s avoir \u00e9t\u00e9 attir\u00e9 dans un premier temps par l&rsquo;enseignement de l\u2019\u00e9ducation musicale en coll\u00e8ge pendant 7 ans, il passe une audition en tant que chanteur lyrique dans <strong>les ch\u0153urs de l&rsquo;Op\u00e9ra Royal de Bruxelles<\/strong> o\u00f9 il restera pendant 2 ans.<\/span><\/span><\/p><p class=\"font_2 wixui-rich-text__text\"><span class=\"color_37 wixui-rich-text__text\"><span class=\"wixui-rich-text__text\">Il d\u00e9cide ensuite de se rapprocher du sud de la France pour son climat et int\u00e8gre en 2013 le<strong> ch\u0153ur de l&rsquo;Op\u00e9ra du Grand Avignon.<\/strong><\/span><\/span><\/p><p class=\"font_2 wixui-rich-text__text\"><span class=\"color_37 wixui-rich-text__text\"><span class=\"wixui-rich-text__text\">Son sens de la transmission et son envie de partager son univers musical allant du classique \u00e0 la pop anglaise, en passant par les com\u00e9dies musicales, la vari\u00e9t\u00e9 fran\u00e7aise et internationale, mais \u00e9galement les chants traditionnels, le d\u00e9cident \u00e0 poursuivre d\u2019\u00eatre chef de ch\u0153ur en parall\u00e8le de son activit\u00e9 au sein de <strong>l&rsquo;Op\u00e9ra.<\/strong><\/span><\/span><\/p><p class=\"font_2 wixui-rich-text__text\"><span class=\"color_37 wixui-rich-text__text\"><span class=\"wixui-rich-text__text\">Il dirige pendant 7 ans une chorale de Camaret sur Aigues avant de lancer ce projet d&rsquo;ensemble vocal f\u00e9minin sur Orange au <strong>Centre Movimento<\/strong><\/span><\/span><\/p><p>______________________________________________________________________________________________________________<\/p><pre>\u00a0<\/pre><p><strong>\u00a0 \u00a0 \u00a0 \u00a0 \u00a0 \u00a0 \u00a0 \u00a0 \u00a0 \u00a0 \u00a0 \u00a0 \u00a0 \u00a0 \u00a0 \u00a0 \u00a0 \u00a0 \u00a0 \u00a0 \u00a0 \u00a0 \u00a0 \u00a0 \u00a0 \u00a0 \u00a0 \u00a0 \u00a0 \u00a0 \u00a0 \u00a0 \u00a0 \u00a0 \u00a0 \u00a0 \u00a0 \u00a0BENEDICTE MENEUST<\/strong><\/p><p>\u00a0 \u00a0 \u00a0 \u00a0 \u00a0 \u00a0 \u00a0 \u00a0 \u00a0 \u00a0 \u00a0 \u00a0 \u00a0 \u00a0 \u00a0 \u00a0 \u00a0 \u00a0 \u00a0 \u00a0 \u00a0 \u00a0 \u00a0 \u00a0 \u00a0 \u00a0 \u00a0 \u00a0Professeur de Yoga Doux et Yoga Maternit\u00e9<\/p><p>\u00a0 \u00a0 \u00a0 \u00a0 \u00a0 \u00a0 \u00a0 \u00a0 \u00a0 \u00a0 \u00a0 \u00a0 \u00a0 \u00a0 \u00a0 \u00a0 \u00a0 \u00a0 \u00a0 \u00a0 \u00a0 \u00a0 \u00a0 \u00a0 \u00a0 \u00a0 \u00a0 \u00a0 \u00a0 \u00a0 \u00a0 \u00a0 \u00a0 \u00a0 \u00a0 \u00a0 \u00a0<img loading=\"lazy\" decoding=\"async\" class=\"alignnone size-medium wp-image-2178\" src=\"http:\/\/centre-movimento.fr\/wp-content\/uploads\/2025\/08\/presentation-photo-1-225x300.jpg\" alt=\"\" width=\"225\" height=\"300\" srcset=\"https:\/\/centre-movimento.fr\/wp-content\/uploads\/2025\/08\/presentation-photo-1-225x300.jpg 225w, https:\/\/centre-movimento.fr\/wp-content\/uploads\/2025\/08\/presentation-photo-1-370x493.jpg 370w, https:\/\/centre-movimento.fr\/wp-content\/uploads\/2025\/08\/presentation-photo-1.jpg 497w\" sizes=\"(max-width: 225px) 100vw, 225px\" \/><\/p><p>\u00a0 \u00a0 \u00a0 \u00a0 \u00a0 \u00a0 \u00a0 \u00a0 \u00a0 \u00a0 \u00a0 \u00a0 \u00a0 \u00a0 \u00a0 Maman de deux enfants, la maternit\u00e9 a profond\u00e9ment transform\u00e9 son<br \/>\u00a0 \u00a0 \u00a0 \u00a0 \u00a0 \u00a0 \u00a0 \u00a0 \u00a0 \u00a0 \u00a0 \u00a0 \u00a0 \u00a0 \u00a0parcours de vie.<br \/>\u00a0 \u00a0 \u00a0 \u00a0 \u00a0 \u00a0 \u00a0 \u00a0 \u00a0 \u00a0 \u00a0 \u00a0 \u00a0 \u00a0 \u00a0Lors de sa deuxi\u00e8me grossesse, elle d\u00e9couvre l\u2019accompagnement par le<strong> yoga<\/strong>,<br \/>\u00a0 \u00a0 \u00a0 \u00a0 \u00a0 \u00a0 \u00a0 \u00a0 \u00a0 \u00a0 \u00a0 \u00a0 \u00a0 \u00a0 qui devient une v\u00e9ritable r\u00e9v\u00e9lation.<br \/>\u00a0 \u00a0 \u00a0 \u00a0 \u00a0 \u00a0 \u00a0 \u00a0 \u00a0 \u00a0 \u00a0 \u00a0 \u00a0 \u00a0 \u00a0 \u00a0Cette pratique lui permet de se sentir confiante, sereine, \u00e0 l\u2019\u00e9coute de son<br \/>\u00a0 \u00a0 \u00a0 \u00a0 \u00a0 \u00a0 \u00a0 \u00a0 \u00a0 \u00a0 \u00a0 \u00a0 \u00a0 \u00a0 corps et proche de sa fille. Gr\u00e2ce aux outils que le yoga lui a offerts, elle a pu<br \/>\u00a0 \u00a0 \u00a0 \u00a0 \u00a0 \u00a0 \u00a0 \u00a0 \u00a0 \u00a0 \u00a0 \u00a0 \u00a0 \u00a0 \u00a0\u00eatre pleinement actrice de son accouchement.<br \/>\u00a0 \u00a0 \u00a0 \u00a0 \u00a0 \u00a0 \u00a0 \u00a0 \u00a0 \u00a0 \u00a0 \u00a0 \u00a0 \u00a0 \u00a0 \u00a0 \u00a0Depuis ce jour, son d\u00e9sir de transmettre cette exp\u00e9rience n\u2019a cess\u00e9 de<br \/>\u00a0 \u00a0 \u00a0 \u00a0 \u00a0 \u00a0 \u00a0 \u00a0 \u00a0 \u00a0 \u00a0 \u00a0 \u00a0 \u00a0 \u00a0 \u00a0grandir, jusqu\u2019\u00e0 se sentir pr\u00eate \u00e0 accompagner les femmes enceintes, les<br \/>\u00a0 \u00a0 \u00a0 \u00a0 \u00a0 \u00a0 \u00a0 \u00a0 \u00a0 \u00a0 \u00a0 \u00a0 \u00a0 \u00a0 \u00a0couples en se formant aupr\u00e8s de<strong> Martine Texier, formatrice en yoga<\/strong><br \/>\u00a0 \u00a0 \u00a0 \u00a0 \u00a0 \u00a0 \u00a0 \u00a0 \u00a0 \u00a0 \u00a0 \u00a0 \u00a0 \u00a0 \u00a0maternit\u00e9 naissance et sp\u00e9cialiste en yoga de l\u2019\u00e9nergie.<br \/>\u00a0 \u00a0 \u00a0 \u00a0 \u00a0 \u00a0 \u00a0 \u00a0 \u00a0 \u00a0 \u00a0 \u00a0 \u00a0 \u00a0 \u00a0Convaincue par la richesse de cette approche, elle s\u2019engage dans une<br \/>\u00a0 \u00a0 \u00a0 \u00a0 \u00a0 \u00a0 \u00a0 \u00a0 \u00a0 \u00a0 \u00a0 \u00a0 \u00a0 \u00a0recherche constante pour adapter et enrichir les outils du yoga au service de<br \/>\u00a0 \u00a0 \u00a0 \u00a0 \u00a0 \u00a0 \u00a0 \u00a0 \u00a0 \u00a0 \u00a0 \u00a0 \u00a0 la grossesse et de la naissance d\u2019aujourd\u2019hui.<br \/>\u00a0 \u00a0 \u00a0 \u00a0 \u00a0 \u00a0 \u00a0 \u00a0 \u00a0 \u00a0 \u00a0 \u00a0 \u00a0 \u00a0 \u00a0 \u00a0 \u00a0 Ses deux livres sont des r\u00e9f\u00e9rences:\u00abL\u2019attente sacr\u00e9e et <strong>\u00abAccouchement,<\/strong><br \/><strong>\u00a0 \u00a0 \u00a0 \u00a0 \u00a0 \u00a0 \u00a0 \u00a0 \u00a0 \u00a0 \u00a0 \u00a0 \u00a0 \u00a0 \u00a0 \u00a0 \u00a0naissance, un chemin initiatique\u00bb. (\u00c9ditions Le souffle d\u2019or)<\/strong><\/p><p>\u00a0 \u00a0 \u00a0 \u00a0 \u00a0 \u00a0 \u00a0 \u00a0 \u00a0 \u00a0 \u00a0 \u00a0 \u00a0 \u00a0 \u00a0 \u00a0 \u00a0 \u00a0 \u00a0 \u00a0 En parall\u00e8le, elle se forme \u00e0 <strong>Bordeaux au Centre de Formation en<\/strong><br \/><strong>\u00a0 \u00a0 \u00a0 \u00a0 \u00a0 \u00a0 \u00a0 \u00a0 \u00a0 \u00a0 \u00a0 \u00a0 \u00a0 \u00a0 \u00a0 \u00a0 \u00a0 \u00a0 \u00a0 \u00a0 Allaitement et P\u00e9rinatalit\u00e9<\/strong> (cefap), obtenant ainsi le titre de professeur de<br \/>\u00a0 \u00a0 \u00a0 \u00a0 \u00a0 \u00a0 \u00a0 \u00a0 \u00a0 \u00a0 \u00a0 \u00a0 \u00a0 \u00a0 \u00a0 \u00a0 \u00a0 \u00a0 \u00a0 \u00a0 yoga sp\u00e9cialis\u00e9e en p\u00e9rinatalit\u00e9. Cette double comp\u00e9tence lui permet<br \/>\u00a0 \u00a0 \u00a0 \u00a0 \u00a0 \u00a0 \u00a0 \u00a0 \u00a0 \u00a0 \u00a0 \u00a0 \u00a0 \u00a0 \u00a0 \u00a0 \u00a0 \u00a0 \u00a0 \u00a0aujourd\u2019hui d\u2019accompagner femmes et couples avec bienveillance en<br \/>\u00a0 \u00a0 \u00a0 \u00a0 \u00a0 \u00a0 \u00a0 \u00a0 \u00a0 \u00a0 \u00a0 \u00a0 \u00a0 \u00a0 \u00a0 \u00a0 \u00a0 \u00a0 \u00a0mettant au c\u0153ur de son approche le corps, la conscience et l\u2019\u00e9coute active.<br \/>\u00a0 \u00a0 \u00a0 \u00a0 \u00a0 \u00a0 \u00a0 \u00a0 \u00a0 \u00a0 \u00a0 \u00a0 \u00a0 \u00a0 \u00a0 \u00a0Elle a enseign\u00e9 dans le var le yoga maternit\u00e9 puis a choisi \u00e9galement<br \/>\u00a0 \u00a0 \u00a0 \u00a0 \u00a0 \u00a0 \u00a0 \u00a0 \u00a0 \u00a0 \u00a0 \u00a0 \u00a0 \u00a0 \u00a0 \u00a0d\u2019adapter ce yoga de l\u2019\u00e9nergie doux et bienveillant aux personnes de plus de<br \/>\u00a0 \u00a0 \u00a0 \u00a0 \u00a0 \u00a0 \u00a0 \u00a0 \u00a0 \u00a0 \u00a0 \u00a0 \u00a0 \u00a050 ans, en convalescence, en qu\u00eate de r\u00e9cup\u00e9ration ou d\u2019une solution de<br \/>\u00a0 \u00a0 \u00a0 \u00a0 \u00a0 \u00a0 \u00a0 \u00a0 \u00a0 \u00a0 \u00a0 \u00a0 \u00a0 \u00a0 \u00a0gestion de stress.<br \/>\u00a0 \u00a0 \u00a0 \u00a0 \u00a0 \u00a0 \u00a0 \u00a0 \u00a0 \u00a0 \u00a0 \u00a0 \u00a0 \u00a0 \u00a0 \u00a0 R\u00e9cemment install\u00e9e dans le Vaucluse \u00e0 Camaret sur Aigues, elle se r\u00e9jouit de<br \/>\u00a0 \u00a0 \u00a0 \u00a0 \u00a0 \u00a0 \u00a0 \u00a0 \u00a0 \u00a0 \u00a0 \u00a0 \u00a0 \u00a0 \u00a0 \u00a0 reprendre ses activit\u00e9s de yoga et ouvrir de nouvelles perspectives.<br \/>\u00a0 \u00a0 \u00a0 \u00a0 \u00a0 \u00a0 \u00a0 \u00a0 \u00a0 \u00a0 \u00a0 \u00a0 \u00a0 \u00a0 \u00a0 \u00a0 Dans un futur proche, elle souhaite \u00e9tendre ses comp\u00e9tences avec le <strong>yoga<\/strong><br \/><strong>\u00a0 \u00a0 \u00a0 \u00a0 \u00a0 \u00a0 \u00a0 \u00a0 \u00a0 \u00a0 \u00a0 \u00a0 \u00a0 \u00a0 \u00a0 \u00a0rondeur et le yoga sur chaise<\/strong> parce qu\u2019il n\u2019y a pas un yoga pour tous, mais<br \/>\u00a0 \u00a0 \u00a0 \u00a0 \u00a0 \u00a0 \u00a0 \u00a0 \u00a0 \u00a0 \u00a0 \u00a0 \u00a0 \u00a0 \u00a0un <strong>yoga pour chacun.<\/strong><\/p><pre>  <\/pre>\t\t\t\t\t<\/div>\n\t\t\t\t\t\t<\/div>\n\t\t\t\t<\/div>\n\t\t\t\t\t\t<\/div>\n\t\t\t\t\t<\/div>\n\t\t<\/div>\n\t\t\t\t\t\t\t\t<\/div>\n\t\t\t\t\t<\/div>\n\t\t<\/section>\n\t\t\t\t\t\t\t\t\t<\/div>\n\t\t\t<\/div>\n\t\t\t\t\t<\/div>\n\t\t","protected":false},"excerpt":{"rendered":"<p>ELENA BERTI DIRECTRICE ARTISTIQUE, PROFESSEUR DE PILATES, PILATES-DANSE et DANSE MODERN-JAZZ \u00a0 \u00a0 \u00a0 \u00a0 \u00a0 \u00a0 \u00a0 \u00a0 \u00a0 \u00a0 \u00a0 \u00a0 \u00a0 \u00a0 \u00a0 \u00a0 \u00a0 \u00a0 \u00a0 \u00a0 \u00a0 \u00a0 \u00a0 \u00a0[&#8230;]<\/p>\n","protected":false},"author":1,"featured_media":247,"parent":0,"menu_order":0,"comment_status":"closed","ping_status":"closed","template":"","meta":{"footnotes":""},"_links":{"self":[{"href":"https:\/\/centre-movimento.fr\/index.php\/wp-json\/wp\/v2\/pages\/9"}],"collection":[{"href":"https:\/\/centre-movimento.fr\/index.php\/wp-json\/wp\/v2\/pages"}],"about":[{"href":"https:\/\/centre-movimento.fr\/index.php\/wp-json\/wp\/v2\/types\/page"}],"author":[{"embeddable":true,"href":"https:\/\/centre-movimento.fr\/index.php\/wp-json\/wp\/v2\/users\/1"}],"replies":[{"embeddable":true,"href":"https:\/\/centre-movimento.fr\/index.php\/wp-json\/wp\/v2\/comments?post=9"}],"version-history":[{"count":176,"href":"https:\/\/centre-movimento.fr\/index.php\/wp-json\/wp\/v2\/pages\/9\/revisions"}],"predecessor-version":[{"id":2195,"href":"https:\/\/centre-movimento.fr\/index.php\/wp-json\/wp\/v2\/pages\/9\/revisions\/2195"}],"wp:featuredmedia":[{"embeddable":true,"href":"https:\/\/centre-movimento.fr\/index.php\/wp-json\/wp\/v2\/media\/247"}],"wp:attachment":[{"href":"https:\/\/centre-movimento.fr\/index.php\/wp-json\/wp\/v2\/media?parent=9"}],"curies":[{"name":"wp","href":"https:\/\/api.w.org\/{rel}","templated":true}]}}